{"id":1182,"date":"2018-04-11T22:22:05","date_gmt":"2018-04-11T20:22:05","guid":{"rendered":"https:\/\/brestsurffilmfestival.com\/2018\/?page_id=1182"},"modified":"2018-04-12T07:30:06","modified_gmt":"2018-04-12T05:30:06","slug":"benevoles","status":"publish","type":"page","link":"https:\/\/brestsurffilmfestival.com\/2018\/benevoles\/","title":{"rendered":"B\u00e9n\u00e9voles"},"content":{"rendered":"<h2>Appel \u00e0 b\u00e9n\u00e9voles<\/h2>\n<p>Vous souhaitez participer \u00e0 l&rsquo;organisation du Brest Surf Film Festival ?<br \/>\nVous \u00eates les bienvenus ! On vous attend !<\/p>\n<p>Pour en savoir plus n&rsquo;h\u00e9sitez pas \u00e0 contacter B\u00e9n\u00e9dicte : <a href=\"mailto:benedicte@brestsurffilmfestival.bzh\">benedicte@brestsurffilmfestival.bzh<\/a><\/p>\n<p><img loading=\"lazy\" decoding=\"async\" class=\"alignnone wp-image-1192 size-full\" src=\"https:\/\/brestsurffilmfestival.com\/2018\/wp-content\/uploads\/2018\/04\/benevoles.jpg\" alt=\"\" width=\"900\" height=\"445\" srcset=\"https:\/\/brestsurffilmfestival.com\/2018\/wp-content\/uploads\/2018\/04\/benevoles.jpg 900w, https:\/\/brestsurffilmfestival.com\/2018\/wp-content\/uploads\/2018\/04\/benevoles-300x148.jpg 300w, https:\/\/brestsurffilmfestival.com\/2018\/wp-content\/uploads\/2018\/04\/benevoles-768x380.jpg 768w, https:\/\/brestsurffilmfestival.com\/2018\/wp-content\/uploads\/2018\/04\/benevoles-600x297.jpg 600w\" sizes=\"(max-width: 709px) 85vw, (max-width: 909px) 67vw, (max-width: 1362px) 62vw, 840px\" \/><\/p>\n","protected":false},"excerpt":{"rendered":"<p>Appel \u00e0 b\u00e9n\u00e9voles <\/p>\n<p>Vous souhaitez participer \u00e0 l&rsquo;organisation du Brest Surf Film Festival ?<br \/> Vous \u00eates les bienvenus ! On vous attend !<\/p>\n<p>Pour en savoir plus n&rsquo;h\u00e9sitez pas \u00e0 contacter B\u00e9n\u00e9dicte : benedicte@brestsurffilmfestival.bzh<\/p><\/p>\n","protected":false},"author":1,"featured_media":0,"parent":0,"menu_order":0,"comment_status":"closed","ping_status":"closed","template":"","meta":{"footnotes":""},"yoast_head":"<!-- This site is optimized with the Yoast SEO plugin v22.2 - https:\/\/yoast.com\/wordpress\/plugins\/seo\/ -->\n<title>B\u00e9n\u00e9voles &#060; BREST SURF FILM FESTIVAL - 9 - 10 - 11 - 12 mai 2018<\/title>\n<meta name=\"robots\" content=\"index, follow, max-snippet:-1, max-image-preview:large, max-video-preview:-1\" \/>\n<link rel=\"canonical\" href=\"https:\/\/brestsurffilmfestival.com\/2018\/benevoles\/\" \/>\n<meta property=\"og:locale\" content=\"fr_FR\" \/>\n<meta property=\"og:type\" content=\"article\" \/>\n<meta property=\"og:title\" content=\"B\u00e9n\u00e9voles &#060; BREST SURF FILM FESTIVAL - 9 - 10 - 11 - 12 mai 2018\" \/>\n<meta property=\"og:description\" content=\"Appel \u00e0 b\u00e9n\u00e9voles Vous souhaitez participer \u00e0 l&rsquo;organisation du Brest Surf Film Festival ? Vous \u00eates les bienvenus ! On vous attend ! Pour en savoir plus n&rsquo;h\u00e9sitez pas \u00e0 contacter B\u00e9n\u00e9dicte : benedicte@brestsurffilmfestival.bzh\" \/>\n<meta property=\"og:url\" content=\"https:\/\/brestsurffilmfestival.com\/2018\/benevoles\/\" \/>\n<meta property=\"og:site_name\" content=\"BREST SURF FILM FESTIVAL - 9 - 10 - 11 - 12 mai 2018\" \/>\n<meta property=\"article:modified_time\" content=\"2018-04-12T05:30:06+00:00\" \/>\n<meta property=\"og:image\" content=\"https:\/\/brestsurffilmfestival.com\/2018\/wp-content\/uploads\/2018\/04\/benevoles.jpg\" \/>\n<meta name=\"twitter:card\" content=\"summary_large_image\" \/>\n<script type=\"application\/ld+json\" class=\"yoast-schema-graph\">{\"@context\":\"https:\/\/schema.org\",\"@graph\":[{\"@type\":\"WebPage\",\"@id\":\"https:\/\/brestsurffilmfestival.com\/2018\/benevoles\/\",\"url\":\"https:\/\/brestsurffilmfestival.com\/2018\/benevoles\/\",\"name\":\"B\u00e9n\u00e9voles &#060; BREST SURF FILM FESTIVAL - 9 - 10 - 11 - 12 mai 2018\",\"isPartOf\":{\"@id\":\"https:\/\/brestsurffilmfestival.com\/2018\/#website\"},\"primaryImageOfPage\":{\"@id\":\"https:\/\/brestsurffilmfestival.com\/2018\/benevoles\/#primaryimage\"},\"image\":{\"@id\":\"https:\/\/brestsurffilmfestival.com\/2018\/benevoles\/#primaryimage\"},\"thumbnailUrl\":\"https:\/\/brestsurffilmfestival.com\/2018\/wp-content\/uploads\/2018\/04\/benevoles.jpg\",\"datePublished\":\"2018-04-11T20:22:05+00:00\",\"dateModified\":\"2018-04-12T05:30:06+00:00\",\"breadcrumb\":{\"@id\":\"https:\/\/brestsurffilmfestival.com\/2018\/benevoles\/#breadcrumb\"},\"inLanguage\":\"fr-FR\",\"potentialAction\":[{\"@type\":\"ReadAction\",\"target\":[\"https:\/\/brestsurffilmfestival.com\/2018\/benevoles\/\"]}]},{\"@type\":\"ImageObject\",\"inLanguage\":\"fr-FR\",\"@id\":\"https:\/\/brestsurffilmfestival.com\/2018\/benevoles\/#primaryimage\",\"url\":\"https:\/\/brestsurffilmfestival.com\/2018\/wp-content\/uploads\/2018\/04\/benevoles.jpg\",\"contentUrl\":\"https:\/\/brestsurffilmfestival.com\/2018\/wp-content\/uploads\/2018\/04\/benevoles.jpg\",\"width\":900,\"height\":445},{\"@type\":\"BreadcrumbList\",\"@id\":\"https:\/\/brestsurffilmfestival.com\/2018\/benevoles\/#breadcrumb\",\"itemListElement\":[{\"@type\":\"ListItem\",\"position\":1,\"name\":\"Accueil\",\"item\":\"https:\/\/brestsurffilmfestival.com\/2018\/\"},{\"@type\":\"ListItem\",\"position\":2,\"name\":\"B\u00e9n\u00e9voles\"}]},{\"@type\":\"WebSite\",\"@id\":\"https:\/\/brestsurffilmfestival.com\/2018\/#website\",\"url\":\"https:\/\/brestsurffilmfestival.com\/2018\/\",\"name\":\"BREST SURF FILM FESTIVAL - 9 - 10 - 11 - 12 mai 2018\",\"description\":\"Oc\u00e9anopolis 9 - 10 - 11 - 12 mai 2018\",\"publisher\":{\"@id\":\"https:\/\/brestsurffilmfestival.com\/2018\/#organization\"},\"potentialAction\":[{\"@type\":\"SearchAction\",\"target\":{\"@type\":\"EntryPoint\",\"urlTemplate\":\"https:\/\/brestsurffilmfestival.com\/2018\/?s={search_term_string}\"},\"query-input\":\"required name=search_term_string\"}],\"inLanguage\":\"fr-FR\"},{\"@type\":\"Organization\",\"@id\":\"https:\/\/brestsurffilmfestival.com\/2018\/#organization\",\"name\":\"BREST SURF FILM FESTIVAL - 9 - 10 - 11 - 12 mai 2018\",\"url\":\"https:\/\/brestsurffilmfestival.com\/2018\/\",\"logo\":{\"@type\":\"ImageObject\",\"inLanguage\":\"fr-FR\",\"@id\":\"https:\/\/brestsurffilmfestival.com\/2018\/#\/schema\/logo\/image\/\",\"url\":\"https:\/\/brestsurffilmfestival.com\/2018\/wp-content\/uploads\/2018\/04\/logo-bsff-ed2-2018.png\",\"contentUrl\":\"https:\/\/brestsurffilmfestival.com\/2018\/wp-content\/uploads\/2018\/04\/logo-bsff-ed2-2018.png\",\"width\":375,\"height\":132,\"caption\":\"BREST SURF FILM FESTIVAL - 9 - 10 - 11 - 12 mai 2018\"},\"image\":{\"@id\":\"https:\/\/brestsurffilmfestival.com\/2018\/#\/schema\/logo\/image\/\"}}]}<\/script>\n<!-- \/ Yoast SEO plugin. -->","yoast_head_json":{"title":"B\u00e9n\u00e9voles &#060; BREST SURF FILM FESTIVAL - 9 - 10 - 11 - 12 mai 2018","robots":{"index":"index","follow":"follow","max-snippet":"max-snippet:-1","max-image-preview":"max-image-preview:large","max-video-preview":"max-video-preview:-1"},"canonical":"https:\/\/brestsurffilmfestival.com\/2018\/benevoles\/","og_locale":"fr_FR","og_type":"article","og_title":"B\u00e9n\u00e9voles &#060; BREST SURF FILM FESTIVAL - 9 - 10 - 11 - 12 mai 2018","og_description":"Appel \u00e0 b\u00e9n\u00e9voles Vous souhaitez participer \u00e0 l&rsquo;organisation du Brest Surf Film Festival ? Vous \u00eates les bienvenus ! On vous attend ! Pour en savoir plus n&rsquo;h\u00e9sitez pas \u00e0 contacter B\u00e9n\u00e9dicte : benedicte@brestsurffilmfestival.bzh","og_url":"https:\/\/brestsurffilmfestival.com\/2018\/benevoles\/","og_site_name":"BREST SURF FILM FESTIVAL - 9 - 10 - 11 - 12 mai 2018","article_modified_time":"2018-04-12T05:30:06+00:00","og_image":[{"url":"https:\/\/brestsurffilmfestival.com\/2018\/wp-content\/uploads\/2018\/04\/benevoles.jpg"}],"twitter_card":"summary_large_image","schema":{"@context":"https:\/\/schema.org","@graph":[{"@type":"WebPage","@id":"https:\/\/brestsurffilmfestival.com\/2018\/benevoles\/","url":"https:\/\/brestsurffilmfestival.com\/2018\/benevoles\/","name":"B\u00e9n\u00e9voles &#060; BREST SURF FILM FESTIVAL - 9 - 10 - 11 - 12 mai 2018","isPartOf":{"@id":"https:\/\/brestsurffilmfestival.com\/2018\/#website"},"primaryImageOfPage":{"@id":"https:\/\/brestsurffilmfestival.com\/2018\/benevoles\/#primaryimage"},"image":{"@id":"https:\/\/brestsurffilmfestival.com\/2018\/benevoles\/#primaryimage"},"thumbnailUrl":"https:\/\/brestsurffilmfestival.com\/2018\/wp-content\/uploads\/2018\/04\/benevoles.jpg","datePublished":"2018-04-11T20:22:05+00:00","dateModified":"2018-04-12T05:30:06+00:00","breadcrumb":{"@id":"https:\/\/brestsurffilmfestival.com\/2018\/benevoles\/#breadcrumb"},"inLanguage":"fr-FR","potentialAction":[{"@type":"ReadAction","target":["https:\/\/brestsurffilmfestival.com\/2018\/benevoles\/"]}]},{"@type":"ImageObject","inLanguage":"fr-FR","@id":"https:\/\/brestsurffilmfestival.com\/2018\/benevoles\/#primaryimage","url":"https:\/\/brestsurffilmfestival.com\/2018\/wp-content\/uploads\/2018\/04\/benevoles.jpg","contentUrl":"https:\/\/brestsurffilmfestival.com\/2018\/wp-content\/uploads\/2018\/04\/benevoles.jpg","width":900,"height":445},{"@type":"BreadcrumbList","@id":"https:\/\/brestsurffilmfestival.com\/2018\/benevoles\/#breadcrumb","itemListElement":[{"@type":"ListItem","position":1,"name":"Accueil","item":"https:\/\/brestsurffilmfestival.com\/2018\/"},{"@type":"ListItem","position":2,"name":"B\u00e9n\u00e9voles"}]},{"@type":"WebSite","@id":"https:\/\/brestsurffilmfestival.com\/2018\/#website","url":"https:\/\/brestsurffilmfestival.com\/2018\/","name":"BREST SURF FILM FESTIVAL - 9 - 10 - 11 - 12 mai 2018","description":"Oc\u00e9anopolis 9 - 10 - 11 - 12 mai 2018","publisher":{"@id":"https:\/\/brestsurffilmfestival.com\/2018\/#organization"},"potentialAction":[{"@type":"SearchAction","target":{"@type":"EntryPoint","urlTemplate":"https:\/\/brestsurffilmfestival.com\/2018\/?s={search_term_string}"},"query-input":"required name=search_term_string"}],"inLanguage":"fr-FR"},{"@type":"Organization","@id":"https:\/\/brestsurffilmfestival.com\/2018\/#organization","name":"BREST SURF FILM FESTIVAL - 9 - 10 - 11 - 12 mai 2018","url":"https:\/\/brestsurffilmfestival.com\/2018\/","logo":{"@type":"ImageObject","inLanguage":"fr-FR","@id":"https:\/\/brestsurffilmfestival.com\/2018\/#\/schema\/logo\/image\/","url":"https:\/\/brestsurffilmfestival.com\/2018\/wp-content\/uploads\/2018\/04\/logo-bsff-ed2-2018.png","contentUrl":"https:\/\/brestsurffilmfestival.com\/2018\/wp-content\/uploads\/2018\/04\/logo-bsff-ed2-2018.png","width":375,"height":132,"caption":"BREST SURF FILM FESTIVAL - 9 - 10 - 11 - 12 mai 2018"},"image":{"@id":"https:\/\/brestsurffilmfestival.com\/2018\/#\/schema\/logo\/image\/"}}]}},"_links":{"self":[{"href":"https:\/\/brestsurffilmfestival.com\/2018\/wp-json\/wp\/v2\/pages\/1182"}],"collection":[{"href":"https:\/\/brestsurffilmfestival.com\/2018\/wp-json\/wp\/v2\/pages"}],"about":[{"href":"https:\/\/brestsurffilmfestival.com\/2018\/wp-json\/wp\/v2\/types\/page"}],"author":[{"embeddable":true,"href":"https:\/\/brestsurffilmfestival.com\/2018\/wp-json\/wp\/v2\/users\/1"}],"replies":[{"embeddable":true,"href":"https:\/\/brestsurffilmfestival.com\/2018\/wp-json\/wp\/v2\/comments?post=1182"}],"version-history":[{"count":5,"href":"https:\/\/brestsurffilmfestival.com\/2018\/wp-json\/wp\/v2\/pages\/1182\/revisions"}],"predecessor-version":[{"id":1193,"href":"https:\/\/brestsurffilmfestival.com\/2018\/wp-json\/wp\/v2\/pages\/1182\/revisions\/1193"}],"wp:attachment":[{"href":"https:\/\/brestsurffilmfestival.com\/2018\/wp-json\/wp\/v2\/media?parent=1182"}],"curies":[{"name":"wp","href":"https:\/\/api.w.org\/{rel}","templated":true}]}}