{"id":1293,"date":"2018-04-20T17:11:42","date_gmt":"2018-04-20T15:11:42","guid":{"rendered":"https:\/\/brestsurffilmfestival.com\/2019\/?page_id=1293"},"modified":"2019-04-16T11:36:40","modified_gmt":"2019-04-16T09:36:40","slug":"concours-photo","status":"publish","type":"page","link":"https:\/\/brestsurffilmfestival.com\/2019\/concours-photo\/","title":{"rendered":"Concours photo"},"content":{"rendered":"<h2>Surf \/ Bretagne \/ Nature<\/h2>\n<p>Dans le cadre du Brest Surf Film Festival 2019, <strong>le Brest Surf Film Festival organise avec l&rsquo;Agence fran\u00e7aise pour la biodiversit\u00e9 et Surfer&rsquo;s Journal un concours de photographies<\/strong>. Il s&rsquo;agit d&rsquo;illustrer d&rsquo;une part la relation \u201cpositive\u201d homme-nature sur le littoral de la Bretagne et d&rsquo;autre part de participer ainsi \u00e0 la sensibilisation et \u00e0 la protection des milieux marins et du littoral. Les photos devront pouvoir illustrer <strong>la pr\u00e9servation de la nature (\u00e9cosyst\u00e8mes marins et littoraux) sur les spots de pratiques de surf, long board, paddle board, body board\u2026<\/strong> Les photos doivent s\u2019inscrire dans un objectif de sensibiliser\/informer aux enjeux de pr\u00e9servation des sites de pratiques existants. La philosophie suivante pourra utilement \u00eatre illustr\u00e9e : <strong>Pr\u00e9server les esp\u00e8ces et habitats qu\u2019abrite le site, c\u2019est pr\u00e9server le cadre de pratique de l\u2019activit\u00e9, c\u2019est aussi pr\u00e9server l\u2019activit\u00e9<\/strong>.<br \/>\nLes photos pourront notamment mettre en sc\u00e8ne :<\/p>\n<p>\u2022 Un sentiment sur l\u2019\u00e9volution naturelle d\u2019un site de pratique de surf,<br \/>\n\u2022 Les actions au quotidien pour pr\u00e9server les esp\u00e8ces (oiseaux, mammif\u00e8res marins notamment),<br \/>\n\u2022 La compr\u00e9hension de l\u2019effet du d\u00e9rangement,<br \/>\n\u2022 Les caract\u00e9ristiques de votre pratique en lien avec la nature,<br \/>\n\u2022 Les rencontres humaines (transmission interg\u00e9n\u00e9rationnelle) et \u201cnaturalistes\u201d qui peuvent avoir lieu dans le cadre de vos activit\u00e9s sportives de nature (surf, long board, paddle board, body board\u2026) sur le littoral et en mer.<\/p>\n<p><a href=\"http:\/\/www.c-monspot.fr\/\" target=\"_blank\" rel=\"noopener noreferrer\"><span style=\"font-size: 14pt;\"><strong>Rendez-vous sur le site www.c-monspot.fr pour vous inspirer&#8230;<\/strong><\/span><\/a><\/p>\n<p>&nbsp;<\/p>\n<p><img loading=\"lazy\" decoding=\"async\" class=\"alignnone wp-image-1300\" src=\"https:\/\/brestsurffilmfestival.com\/2019\/wp-content\/uploads\/2018\/04\/logos-concours2.png\" alt=\"\" width=\"600\" height=\"75\" srcset=\"https:\/\/brestsurffilmfestival.com\/2019\/wp-content\/uploads\/2018\/04\/logos-concours2.png 789w, https:\/\/brestsurffilmfestival.com\/2019\/wp-content\/uploads\/2018\/04\/logos-concours2-300x38.png 300w, https:\/\/brestsurffilmfestival.com\/2019\/wp-content\/uploads\/2018\/04\/logos-concours2-768x96.png 768w, https:\/\/brestsurffilmfestival.com\/2019\/wp-content\/uploads\/2018\/04\/logos-concours2-600x75.png 600w\" sizes=\"(max-width: 600px) 85vw, 600px\" \/><a href=\"http:\/\/www.c-monspot.fr\/\" target=\"_blank\" rel=\"noopener noreferrer\"><img loading=\"lazy\" decoding=\"async\" class=\"alignnone wp-image-1319 \" src=\"https:\/\/brestsurffilmfestival.com\/2019\/wp-content\/uploads\/2018\/04\/c-monspot.jpg\" alt=\"\" width=\"371\" height=\"119\" srcset=\"https:\/\/brestsurffilmfestival.com\/2019\/wp-content\/uploads\/2018\/04\/c-monspot.jpg 501w, https:\/\/brestsurffilmfestival.com\/2019\/wp-content\/uploads\/2018\/04\/c-monspot-300x96.jpg 300w\" sizes=\"(max-width: 371px) 85vw, 371px\" \/><\/a><\/p>\n<p>&nbsp;<\/p>\n<h2>Comment participer ?<\/h2>\n<p><a href=\"https:\/\/brestsurffilmfestival.com\/2019\/wp-content\/uploads\/2019\/04\/INSCRIPTION-CONCOURS-PHOTOBSFF2019-4.pdf\" target=\"_blank\" rel=\"noopener noreferrer\">T\u00c9L\u00c9CHARGER LA FICHE D&rsquo;INSCRIPTION<\/a>\u00a0et retournez-l\u00e0 compl\u00e9t\u00e9e avec votre photo par mail \u00e0 :<br \/>\n<a href=\"mailto:contact@brestsurffilmfestival.bzh\">contact@brestsurffilmfestival.bzh<\/a> <strong>avant le 29 avril 2019<\/strong><\/p>\n<p>&nbsp;<\/p>\n","protected":false},"excerpt":{"rendered":"<p>Surf \/ Bretagne \/ Nature <\/p>\n<p>Dans le cadre du Brest Surf Film Festival 2019, <strong>le Brest Surf Film Festival organise avec l&rsquo;Agence fran\u00e7aise pour la biodiversit\u00e9 et Surfer&rsquo;s Journal un concours de photographies<\/strong>. Il s&rsquo;agit d&rsquo;illustrer d&rsquo;une part la relation \u201cpositive\u201d homme-nature sur le littoral de la Bretagne et d&rsquo;autre<\/p>\n<div class=\"clear\"><\/div>\n","protected":false},"author":1,"featured_media":0,"parent":0,"menu_order":0,"comment_status":"closed","ping_status":"closed","template":"","meta":{"_acf_changed":false,"footnotes":""},"acf":[],"yoast_head":"<!-- This site is optimized with the Yoast SEO plugin v22.2 - https:\/\/yoast.com\/wordpress\/plugins\/seo\/ -->\n<title>Concours photo &#060; BREST SURF FILM FESTIVAL - 9 - 10 - 11 - 12 mai 2018<\/title>\n<meta name=\"robots\" content=\"index, follow, max-snippet:-1, max-image-preview:large, max-video-preview:-1\" \/>\n<link rel=\"canonical\" href=\"https:\/\/brestsurffilmfestival.com\/2019\/concours-photo\/\" \/>\n<meta property=\"og:locale\" content=\"fr_FR\" \/>\n<meta property=\"og:type\" content=\"article\" \/>\n<meta property=\"og:title\" content=\"Concours photo &#060; BREST SURF FILM FESTIVAL - 9 - 10 - 11 - 12 mai 2018\" \/>\n<meta property=\"og:description\" content=\"Surf \/ Bretagne \/ Nature Dans le cadre du Brest Surf Film Festival 2019, le Brest Surf Film Festival organise avec l&rsquo;Agence fran\u00e7aise pour la biodiversit\u00e9 et Surfer&rsquo;s Journal un concours de photographies. Il s&rsquo;agit d&rsquo;illustrer d&rsquo;une part la relation \u201cpositive\u201d homme-nature sur le littoral de la Bretagne et d&rsquo;autre\" \/>\n<meta property=\"og:url\" content=\"https:\/\/brestsurffilmfestival.com\/2019\/concours-photo\/\" \/>\n<meta property=\"og:site_name\" content=\"BREST SURF FILM FESTIVAL - 9 - 10 - 11 - 12 mai 2018\" \/>\n<meta property=\"article:modified_time\" content=\"2019-04-16T09:36:40+00:00\" \/>\n<meta property=\"og:image\" content=\"https:\/\/brestsurffilmfestival.com\/2019\/wp-content\/uploads\/2018\/04\/logos-concours2.png\" \/>\n<meta name=\"twitter:card\" content=\"summary_large_image\" \/>\n<meta name=\"twitter:label1\" content=\"Dur\u00e9e de lecture estim\u00e9e\" \/>\n\t<meta name=\"twitter:data1\" content=\"1 minute\" \/>\n<script type=\"application\/ld+json\" class=\"yoast-schema-graph\">{\"@context\":\"https:\/\/schema.org\",\"@graph\":[{\"@type\":\"WebPage\",\"@id\":\"https:\/\/brestsurffilmfestival.com\/2019\/concours-photo\/\",\"url\":\"https:\/\/brestsurffilmfestival.com\/2019\/concours-photo\/\",\"name\":\"Concours photo &#060; BREST SURF FILM FESTIVAL - 9 - 10 - 11 - 12 mai 2018\",\"isPartOf\":{\"@id\":\"https:\/\/brestsurffilmfestival.com\/2019\/#website\"},\"primaryImageOfPage\":{\"@id\":\"https:\/\/brestsurffilmfestival.com\/2019\/concours-photo\/#primaryimage\"},\"image\":{\"@id\":\"https:\/\/brestsurffilmfestival.com\/2019\/concours-photo\/#primaryimage\"},\"thumbnailUrl\":\"https:\/\/brestsurffilmfestival.com\/2019\/wp-content\/uploads\/2018\/04\/logos-concours2.png\",\"datePublished\":\"2018-04-20T15:11:42+00:00\",\"dateModified\":\"2019-04-16T09:36:40+00:00\",\"breadcrumb\":{\"@id\":\"https:\/\/brestsurffilmfestival.com\/2019\/concours-photo\/#breadcrumb\"},\"inLanguage\":\"fr-FR\",\"potentialAction\":[{\"@type\":\"ReadAction\",\"target\":[\"https:\/\/brestsurffilmfestival.com\/2019\/concours-photo\/\"]}]},{\"@type\":\"ImageObject\",\"inLanguage\":\"fr-FR\",\"@id\":\"https:\/\/brestsurffilmfestival.com\/2019\/concours-photo\/#primaryimage\",\"url\":\"https:\/\/brestsurffilmfestival.com\/2019\/wp-content\/uploads\/2018\/04\/logos-concours2.png\",\"contentUrl\":\"https:\/\/brestsurffilmfestival.com\/2019\/wp-content\/uploads\/2018\/04\/logos-concours2.png\",\"width\":789,\"height\":99},{\"@type\":\"BreadcrumbList\",\"@id\":\"https:\/\/brestsurffilmfestival.com\/2019\/concours-photo\/#breadcrumb\",\"itemListElement\":[{\"@type\":\"ListItem\",\"position\":1,\"name\":\"Accueil\",\"item\":\"https:\/\/brestsurffilmfestival.com\/2019\/\"},{\"@type\":\"ListItem\",\"position\":2,\"name\":\"Concours photo\"}]},{\"@type\":\"WebSite\",\"@id\":\"https:\/\/brestsurffilmfestival.com\/2019\/#website\",\"url\":\"https:\/\/brestsurffilmfestival.com\/2019\/\",\"name\":\"BREST SURF FILM FESTIVAL - 9 - 10 - 11 - 12 mai 2018\",\"description\":\"Oc\u00e9anopolis 9 - 10 - 11 - 12 mai 2018\",\"publisher\":{\"@id\":\"https:\/\/brestsurffilmfestival.com\/2019\/#organization\"},\"potentialAction\":[{\"@type\":\"SearchAction\",\"target\":{\"@type\":\"EntryPoint\",\"urlTemplate\":\"https:\/\/brestsurffilmfestival.com\/2019\/?s={search_term_string}\"},\"query-input\":\"required name=search_term_string\"}],\"inLanguage\":\"fr-FR\"},{\"@type\":\"Organization\",\"@id\":\"https:\/\/brestsurffilmfestival.com\/2019\/#organization\",\"name\":\"BREST SURF FILM FESTIVAL - 9 - 10 - 11 - 12 mai 2018\",\"url\":\"https:\/\/brestsurffilmfestival.com\/2019\/\",\"logo\":{\"@type\":\"ImageObject\",\"inLanguage\":\"fr-FR\",\"@id\":\"https:\/\/brestsurffilmfestival.com\/2019\/#\/schema\/logo\/image\/\",\"url\":\"https:\/\/brestsurffilmfestival.com\/2019\/wp-content\/uploads\/2019\/01\/logo-bsff-ed3-2019.png\",\"contentUrl\":\"https:\/\/brestsurffilmfestival.com\/2019\/wp-content\/uploads\/2019\/01\/logo-bsff-ed3-2019.png\",\"width\":375,\"height\":132,\"caption\":\"BREST SURF FILM FESTIVAL - 9 - 10 - 11 - 12 mai 2018\"},\"image\":{\"@id\":\"https:\/\/brestsurffilmfestival.com\/2019\/#\/schema\/logo\/image\/\"}}]}<\/script>\n<!-- \/ Yoast SEO plugin. -->","yoast_head_json":{"title":"Concours photo &#060; BREST SURF FILM FESTIVAL - 9 - 10 - 11 - 12 mai 2018","robots":{"index":"index","follow":"follow","max-snippet":"max-snippet:-1","max-image-preview":"max-image-preview:large","max-video-preview":"max-video-preview:-1"},"canonical":"https:\/\/brestsurffilmfestival.com\/2019\/concours-photo\/","og_locale":"fr_FR","og_type":"article","og_title":"Concours photo &#060; BREST SURF FILM FESTIVAL - 9 - 10 - 11 - 12 mai 2018","og_description":"Surf \/ Bretagne \/ Nature Dans le cadre du Brest Surf Film Festival 2019, le Brest Surf Film Festival organise avec l&rsquo;Agence fran\u00e7aise pour la biodiversit\u00e9 et Surfer&rsquo;s Journal un concours de photographies. Il s&rsquo;agit d&rsquo;illustrer d&rsquo;une part la relation \u201cpositive\u201d homme-nature sur le littoral de la Bretagne et d&rsquo;autre","og_url":"https:\/\/brestsurffilmfestival.com\/2019\/concours-photo\/","og_site_name":"BREST SURF FILM FESTIVAL - 9 - 10 - 11 - 12 mai 2018","article_modified_time":"2019-04-16T09:36:40+00:00","og_image":[{"url":"https:\/\/brestsurffilmfestival.com\/2019\/wp-content\/uploads\/2018\/04\/logos-concours2.png"}],"twitter_card":"summary_large_image","twitter_misc":{"Dur\u00e9e de lecture estim\u00e9e":"1 minute"},"schema":{"@context":"https:\/\/schema.org","@graph":[{"@type":"WebPage","@id":"https:\/\/brestsurffilmfestival.com\/2019\/concours-photo\/","url":"https:\/\/brestsurffilmfestival.com\/2019\/concours-photo\/","name":"Concours photo &#060; BREST SURF FILM FESTIVAL - 9 - 10 - 11 - 12 mai 2018","isPartOf":{"@id":"https:\/\/brestsurffilmfestival.com\/2019\/#website"},"primaryImageOfPage":{"@id":"https:\/\/brestsurffilmfestival.com\/2019\/concours-photo\/#primaryimage"},"image":{"@id":"https:\/\/brestsurffilmfestival.com\/2019\/concours-photo\/#primaryimage"},"thumbnailUrl":"https:\/\/brestsurffilmfestival.com\/2019\/wp-content\/uploads\/2018\/04\/logos-concours2.png","datePublished":"2018-04-20T15:11:42+00:00","dateModified":"2019-04-16T09:36:40+00:00","breadcrumb":{"@id":"https:\/\/brestsurffilmfestival.com\/2019\/concours-photo\/#breadcrumb"},"inLanguage":"fr-FR","potentialAction":[{"@type":"ReadAction","target":["https:\/\/brestsurffilmfestival.com\/2019\/concours-photo\/"]}]},{"@type":"ImageObject","inLanguage":"fr-FR","@id":"https:\/\/brestsurffilmfestival.com\/2019\/concours-photo\/#primaryimage","url":"https:\/\/brestsurffilmfestival.com\/2019\/wp-content\/uploads\/2018\/04\/logos-concours2.png","contentUrl":"https:\/\/brestsurffilmfestival.com\/2019\/wp-content\/uploads\/2018\/04\/logos-concours2.png","width":789,"height":99},{"@type":"BreadcrumbList","@id":"https:\/\/brestsurffilmfestival.com\/2019\/concours-photo\/#breadcrumb","itemListElement":[{"@type":"ListItem","position":1,"name":"Accueil","item":"https:\/\/brestsurffilmfestival.com\/2019\/"},{"@type":"ListItem","position":2,"name":"Concours photo"}]},{"@type":"WebSite","@id":"https:\/\/brestsurffilmfestival.com\/2019\/#website","url":"https:\/\/brestsurffilmfestival.com\/2019\/","name":"BREST SURF FILM FESTIVAL - 9 - 10 - 11 - 12 mai 2018","description":"Oc\u00e9anopolis 9 - 10 - 11 - 12 mai 2018","publisher":{"@id":"https:\/\/brestsurffilmfestival.com\/2019\/#organization"},"potentialAction":[{"@type":"SearchAction","target":{"@type":"EntryPoint","urlTemplate":"https:\/\/brestsurffilmfestival.com\/2019\/?s={search_term_string}"},"query-input":"required name=search_term_string"}],"inLanguage":"fr-FR"},{"@type":"Organization","@id":"https:\/\/brestsurffilmfestival.com\/2019\/#organization","name":"BREST SURF FILM FESTIVAL - 9 - 10 - 11 - 12 mai 2018","url":"https:\/\/brestsurffilmfestival.com\/2019\/","logo":{"@type":"ImageObject","inLanguage":"fr-FR","@id":"https:\/\/brestsurffilmfestival.com\/2019\/#\/schema\/logo\/image\/","url":"https:\/\/brestsurffilmfestival.com\/2019\/wp-content\/uploads\/2019\/01\/logo-bsff-ed3-2019.png","contentUrl":"https:\/\/brestsurffilmfestival.com\/2019\/wp-content\/uploads\/2019\/01\/logo-bsff-ed3-2019.png","width":375,"height":132,"caption":"BREST SURF FILM FESTIVAL - 9 - 10 - 11 - 12 mai 2018"},"image":{"@id":"https:\/\/brestsurffilmfestival.com\/2019\/#\/schema\/logo\/image\/"}}]}},"_links":{"self":[{"href":"https:\/\/brestsurffilmfestival.com\/2019\/wp-json\/wp\/v2\/pages\/1293"}],"collection":[{"href":"https:\/\/brestsurffilmfestival.com\/2019\/wp-json\/wp\/v2\/pages"}],"about":[{"href":"https:\/\/brestsurffilmfestival.com\/2019\/wp-json\/wp\/v2\/types\/page"}],"author":[{"embeddable":true,"href":"https:\/\/brestsurffilmfestival.com\/2019\/wp-json\/wp\/v2\/users\/1"}],"replies":[{"embeddable":true,"href":"https:\/\/brestsurffilmfestival.com\/2019\/wp-json\/wp\/v2\/comments?post=1293"}],"version-history":[{"count":33,"href":"https:\/\/brestsurffilmfestival.com\/2019\/wp-json\/wp\/v2\/pages\/1293\/revisions"}],"predecessor-version":[{"id":1581,"href":"https:\/\/brestsurffilmfestival.com\/2019\/wp-json\/wp\/v2\/pages\/1293\/revisions\/1581"}],"wp:attachment":[{"href":"https:\/\/brestsurffilmfestival.com\/2019\/wp-json\/wp\/v2\/media?parent=1293"}],"curies":[{"name":"wp","href":"https:\/\/api.w.org\/{rel}","templated":true}]}}