{"id":1974,"date":"2019-05-09T15:52:23","date_gmt":"2019-05-09T13:52:23","guid":{"rendered":"https:\/\/brestsurffilmfestival.com\/2019\/?page_id=1974"},"modified":"2019-05-09T16:01:09","modified_gmt":"2019-05-09T14:01:09","slug":"exposition-photo-tim-mckenna","status":"publish","type":"page","link":"https:\/\/brestsurffilmfestival.com\/2019\/exposition-photo-tim-mckenna\/","title":{"rendered":"Exposition photo"},"content":{"rendered":"<h2>Le Brest Surf Film Festival pr\u00e9sente :<br \/>\nExposition Photographies de Tim Mckenna<\/h2>\n<p>N\u00e9 \u00e0 Sydney en Australie, Tim Mckenna passe une partie de sa jeunesse \u00e0 Bordeaux. C&rsquo;est sur les plages de Lacanau et du Sud-Ouest qu&rsquo;il d\u00e9bute sa carri\u00e8re en photographiant le surf alors en plein essor. La marque fran\u00e7aise OXBOW est une des premi\u00e8res \u00e0 lui donner ses chances et \u00e0 lui permettre de d\u00e9velopper son art au travers de multiples disciplines de sports extr\u00eames comme le surf, le snowboard, le windsurf ou le moto-cross. Durant plus de trente ans, il parcourt le monde pour y r\u00e9aliser reportages, publicit\u00e9s et campagnes pour des marques de renom. On peut retrouver ses plus belles images dans de nombreux ouvrages tels : Vagues aux \u00e9ditions Aubanel et Teahupoo, la vague mythique de Tahiti aux \u00e9ditions Au Vent des \u00celes prim\u00e9 au Berlin Book Fair et traduit en huit langues.<br \/>\nTim Mckenna est avant tout un amoureux de la nature et de ces instants de magie o\u00f9 la lumi\u00e8re au naturel se combine \u00e0 la force des \u00e9l\u00e9ments et aux plus grandes prouesses sportives.<br \/>\nAujourd\u2019hui bas\u00e9 en Polyn\u00e9sie Fran\u00e7aise et plus que jamais passionn\u00e9 d\u2019images aquatiques, Tim Mckenna poursuit sa qu\u00eate d&rsquo;instants sublimes qu&rsquo;il partage sur les r\u00e9seaux sociaux, avec plus de 100 000 followers sur Instagram (@timmckenna ) qu\u2019il fait voyager tout au long de l\u2019ann\u00e9e.<\/p>\n<p>D\u00e9couvrez le travail de TimMcKenna aux Ateliers des Capucins, 25 rue de Pontaniou \u00e0 Brest.<\/p>\n<p><a href=\"http:\/\/www.timmckennaphoto.com\" target=\"_blank\" rel=\"noopener noreferrer\">www.timmckennaphoto.com<\/a><\/p>\n<figure id=\"attachment_1582\" aria-describedby=\"caption-attachment-1582\" style=\"width: 840px\" class=\"wp-caption alignnone\"><img loading=\"lazy\" decoding=\"async\" class=\"size-large wp-image-1582\" src=\"https:\/\/brestsurffilmfestival.com\/2019\/wp-content\/uploads\/2019\/04\/TimMcKenna-1024x621.jpg\" alt=\"\" width=\"840\" height=\"509\" srcset=\"https:\/\/brestsurffilmfestival.com\/2019\/wp-content\/uploads\/2019\/04\/TimMcKenna-1024x621.jpg 1024w, https:\/\/brestsurffilmfestival.com\/2019\/wp-content\/uploads\/2019\/04\/TimMcKenna-300x182.jpg 300w, https:\/\/brestsurffilmfestival.com\/2019\/wp-content\/uploads\/2019\/04\/TimMcKenna-768x466.jpg 768w, https:\/\/brestsurffilmfestival.com\/2019\/wp-content\/uploads\/2019\/04\/TimMcKenna-600x364.jpg 600w, https:\/\/brestsurffilmfestival.com\/2019\/wp-content\/uploads\/2019\/04\/TimMcKenna-1200x728.jpg 1200w, https:\/\/brestsurffilmfestival.com\/2019\/wp-content\/uploads\/2019\/04\/TimMcKenna.jpg 1600w\" sizes=\"(max-width: 709px) 85vw, (max-width: 909px) 67vw, (max-width: 1362px) 62vw, 840px\" \/><figcaption id=\"caption-attachment-1582\" class=\"wp-caption-text\">\u00a9 Tim McKenna<\/figcaption><\/figure>\n<p><img loading=\"lazy\" decoding=\"async\" class=\"alignnone size-full wp-image-1501\" src=\"https:\/\/brestsurffilmfestival.com\/2019\/wp-content\/uploads\/2019\/04\/tahiti.png\" alt=\"\" width=\"301\" height=\"191\" srcset=\"https:\/\/brestsurffilmfestival.com\/2019\/wp-content\/uploads\/2019\/04\/tahiti.png 301w, https:\/\/brestsurffilmfestival.com\/2019\/wp-content\/uploads\/2019\/04\/tahiti-300x190.png 300w\" sizes=\"(max-width: 301px) 85vw, 301px\" \/> <img loading=\"lazy\" decoding=\"async\" class=\"alignnone size-full wp-image-1499\" src=\"https:\/\/brestsurffilmfestival.com\/2019\/wp-content\/uploads\/2019\/04\/metropole.png\" alt=\"\" width=\"301\" height=\"151\" srcset=\"https:\/\/brestsurffilmfestival.com\/2019\/wp-content\/uploads\/2019\/04\/metropole.png 301w, https:\/\/brestsurffilmfestival.com\/2019\/wp-content\/uploads\/2019\/04\/metropole-300x150.png 300w\" sizes=\"(max-width: 301px) 85vw, 301px\" \/><\/p>\n","protected":false},"excerpt":{"rendered":"<p>Le Brest Surf Film Festival pr\u00e9sente :<br \/> Exposition Photographies de Tim Mckenna <\/p>\n<p>N\u00e9 \u00e0 Sydney en Australie, Tim Mckenna passe une partie de sa jeunesse \u00e0 Bordeaux. C&rsquo;est sur les plages de Lacanau et du Sud-Ouest qu&rsquo;il d\u00e9bute sa carri\u00e8re en photographiant le surf alors en plein essor. La<\/p>\n<div class=\"clear\"><\/div>\n","protected":false},"author":1,"featured_media":0,"parent":0,"menu_order":0,"comment_status":"closed","ping_status":"closed","template":"","meta":{"_acf_changed":false,"footnotes":""},"acf":[],"yoast_head":"<!-- This site is optimized with the Yoast SEO plugin v22.2 - https:\/\/yoast.com\/wordpress\/plugins\/seo\/ -->\n<title>Exposition photo &#060; BREST SURF FILM FESTIVAL - 9 - 10 - 11 - 12 mai 2018<\/title>\n<meta name=\"robots\" content=\"index, follow, max-snippet:-1, max-image-preview:large, max-video-preview:-1\" \/>\n<link rel=\"canonical\" href=\"https:\/\/brestsurffilmfestival.com\/2019\/exposition-photo-tim-mckenna\/\" \/>\n<meta property=\"og:locale\" content=\"fr_FR\" \/>\n<meta property=\"og:type\" content=\"article\" \/>\n<meta property=\"og:title\" content=\"Exposition photo &#060; BREST SURF FILM FESTIVAL - 9 - 10 - 11 - 12 mai 2018\" \/>\n<meta property=\"og:description\" content=\"Le Brest Surf Film Festival pr\u00e9sente : Exposition Photographies de Tim Mckenna N\u00e9 \u00e0 Sydney en Australie, Tim Mckenna passe une partie de sa jeunesse \u00e0 Bordeaux. C&rsquo;est sur les plages de Lacanau et du Sud-Ouest qu&rsquo;il d\u00e9bute sa carri\u00e8re en photographiant le surf alors en plein essor. La\" \/>\n<meta property=\"og:url\" content=\"https:\/\/brestsurffilmfestival.com\/2019\/exposition-photo-tim-mckenna\/\" \/>\n<meta property=\"og:site_name\" content=\"BREST SURF FILM FESTIVAL - 9 - 10 - 11 - 12 mai 2018\" \/>\n<meta property=\"article:modified_time\" content=\"2019-05-09T14:01:09+00:00\" \/>\n<meta property=\"og:image\" content=\"https:\/\/brestsurffilmfestival.com\/2019\/wp-content\/uploads\/2019\/04\/TimMcKenna-1024x621.jpg\" \/>\n<meta name=\"twitter:card\" content=\"summary_large_image\" \/>\n<meta name=\"twitter:label1\" content=\"Dur\u00e9e de lecture estim\u00e9e\" \/>\n\t<meta name=\"twitter:data1\" content=\"1 minute\" \/>\n<script type=\"application\/ld+json\" class=\"yoast-schema-graph\">{\"@context\":\"https:\/\/schema.org\",\"@graph\":[{\"@type\":\"WebPage\",\"@id\":\"https:\/\/brestsurffilmfestival.com\/2019\/exposition-photo-tim-mckenna\/\",\"url\":\"https:\/\/brestsurffilmfestival.com\/2019\/exposition-photo-tim-mckenna\/\",\"name\":\"Exposition photo &#060; BREST SURF FILM FESTIVAL - 9 - 10 - 11 - 12 mai 2018\",\"isPartOf\":{\"@id\":\"https:\/\/brestsurffilmfestival.com\/2019\/#website\"},\"primaryImageOfPage\":{\"@id\":\"https:\/\/brestsurffilmfestival.com\/2019\/exposition-photo-tim-mckenna\/#primaryimage\"},\"image\":{\"@id\":\"https:\/\/brestsurffilmfestival.com\/2019\/exposition-photo-tim-mckenna\/#primaryimage\"},\"thumbnailUrl\":\"https:\/\/brestsurffilmfestival.com\/2019\/wp-content\/uploads\/2019\/04\/TimMcKenna-1024x621.jpg\",\"datePublished\":\"2019-05-09T13:52:23+00:00\",\"dateModified\":\"2019-05-09T14:01:09+00:00\",\"breadcrumb\":{\"@id\":\"https:\/\/brestsurffilmfestival.com\/2019\/exposition-photo-tim-mckenna\/#breadcrumb\"},\"inLanguage\":\"fr-FR\",\"potentialAction\":[{\"@type\":\"ReadAction\",\"target\":[\"https:\/\/brestsurffilmfestival.com\/2019\/exposition-photo-tim-mckenna\/\"]}]},{\"@type\":\"ImageObject\",\"inLanguage\":\"fr-FR\",\"@id\":\"https:\/\/brestsurffilmfestival.com\/2019\/exposition-photo-tim-mckenna\/#primaryimage\",\"url\":\"https:\/\/brestsurffilmfestival.com\/2019\/wp-content\/uploads\/2019\/04\/TimMcKenna.jpg\",\"contentUrl\":\"https:\/\/brestsurffilmfestival.com\/2019\/wp-content\/uploads\/2019\/04\/TimMcKenna.jpg\",\"width\":1600,\"height\":971,\"caption\":\"\u00a9 Tim McKenna\"},{\"@type\":\"BreadcrumbList\",\"@id\":\"https:\/\/brestsurffilmfestival.com\/2019\/exposition-photo-tim-mckenna\/#breadcrumb\",\"itemListElement\":[{\"@type\":\"ListItem\",\"position\":1,\"name\":\"Accueil\",\"item\":\"https:\/\/brestsurffilmfestival.com\/2019\/\"},{\"@type\":\"ListItem\",\"position\":2,\"name\":\"Exposition photo\"}]},{\"@type\":\"WebSite\",\"@id\":\"https:\/\/brestsurffilmfestival.com\/2019\/#website\",\"url\":\"https:\/\/brestsurffilmfestival.com\/2019\/\",\"name\":\"BREST SURF FILM FESTIVAL - 9 - 10 - 11 - 12 mai 2018\",\"description\":\"Oc\u00e9anopolis 9 - 10 - 11 - 12 mai 2018\",\"publisher\":{\"@id\":\"https:\/\/brestsurffilmfestival.com\/2019\/#organization\"},\"potentialAction\":[{\"@type\":\"SearchAction\",\"target\":{\"@type\":\"EntryPoint\",\"urlTemplate\":\"https:\/\/brestsurffilmfestival.com\/2019\/?s={search_term_string}\"},\"query-input\":\"required name=search_term_string\"}],\"inLanguage\":\"fr-FR\"},{\"@type\":\"Organization\",\"@id\":\"https:\/\/brestsurffilmfestival.com\/2019\/#organization\",\"name\":\"BREST SURF FILM FESTIVAL - 9 - 10 - 11 - 12 mai 2018\",\"url\":\"https:\/\/brestsurffilmfestival.com\/2019\/\",\"logo\":{\"@type\":\"ImageObject\",\"inLanguage\":\"fr-FR\",\"@id\":\"https:\/\/brestsurffilmfestival.com\/2019\/#\/schema\/logo\/image\/\",\"url\":\"https:\/\/brestsurffilmfestival.com\/2019\/wp-content\/uploads\/2019\/01\/logo-bsff-ed3-2019.png\",\"contentUrl\":\"https:\/\/brestsurffilmfestival.com\/2019\/wp-content\/uploads\/2019\/01\/logo-bsff-ed3-2019.png\",\"width\":375,\"height\":132,\"caption\":\"BREST SURF FILM FESTIVAL - 9 - 10 - 11 - 12 mai 2018\"},\"image\":{\"@id\":\"https:\/\/brestsurffilmfestival.com\/2019\/#\/schema\/logo\/image\/\"}}]}<\/script>\n<!-- \/ Yoast SEO plugin. -->","yoast_head_json":{"title":"Exposition photo &#060; BREST SURF FILM FESTIVAL - 9 - 10 - 11 - 12 mai 2018","robots":{"index":"index","follow":"follow","max-snippet":"max-snippet:-1","max-image-preview":"max-image-preview:large","max-video-preview":"max-video-preview:-1"},"canonical":"https:\/\/brestsurffilmfestival.com\/2019\/exposition-photo-tim-mckenna\/","og_locale":"fr_FR","og_type":"article","og_title":"Exposition photo &#060; BREST SURF FILM FESTIVAL - 9 - 10 - 11 - 12 mai 2018","og_description":"Le Brest Surf Film Festival pr\u00e9sente : Exposition Photographies de Tim Mckenna N\u00e9 \u00e0 Sydney en Australie, Tim Mckenna passe une partie de sa jeunesse \u00e0 Bordeaux. C&rsquo;est sur les plages de Lacanau et du Sud-Ouest qu&rsquo;il d\u00e9bute sa carri\u00e8re en photographiant le surf alors en plein essor. La","og_url":"https:\/\/brestsurffilmfestival.com\/2019\/exposition-photo-tim-mckenna\/","og_site_name":"BREST SURF FILM FESTIVAL - 9 - 10 - 11 - 12 mai 2018","article_modified_time":"2019-05-09T14:01:09+00:00","og_image":[{"url":"https:\/\/brestsurffilmfestival.com\/2019\/wp-content\/uploads\/2019\/04\/TimMcKenna-1024x621.jpg"}],"twitter_card":"summary_large_image","twitter_misc":{"Dur\u00e9e de lecture estim\u00e9e":"1 minute"},"schema":{"@context":"https:\/\/schema.org","@graph":[{"@type":"WebPage","@id":"https:\/\/brestsurffilmfestival.com\/2019\/exposition-photo-tim-mckenna\/","url":"https:\/\/brestsurffilmfestival.com\/2019\/exposition-photo-tim-mckenna\/","name":"Exposition photo &#060; BREST SURF FILM FESTIVAL - 9 - 10 - 11 - 12 mai 2018","isPartOf":{"@id":"https:\/\/brestsurffilmfestival.com\/2019\/#website"},"primaryImageOfPage":{"@id":"https:\/\/brestsurffilmfestival.com\/2019\/exposition-photo-tim-mckenna\/#primaryimage"},"image":{"@id":"https:\/\/brestsurffilmfestival.com\/2019\/exposition-photo-tim-mckenna\/#primaryimage"},"thumbnailUrl":"https:\/\/brestsurffilmfestival.com\/2019\/wp-content\/uploads\/2019\/04\/TimMcKenna-1024x621.jpg","datePublished":"2019-05-09T13:52:23+00:00","dateModified":"2019-05-09T14:01:09+00:00","breadcrumb":{"@id":"https:\/\/brestsurffilmfestival.com\/2019\/exposition-photo-tim-mckenna\/#breadcrumb"},"inLanguage":"fr-FR","potentialAction":[{"@type":"ReadAction","target":["https:\/\/brestsurffilmfestival.com\/2019\/exposition-photo-tim-mckenna\/"]}]},{"@type":"ImageObject","inLanguage":"fr-FR","@id":"https:\/\/brestsurffilmfestival.com\/2019\/exposition-photo-tim-mckenna\/#primaryimage","url":"https:\/\/brestsurffilmfestival.com\/2019\/wp-content\/uploads\/2019\/04\/TimMcKenna.jpg","contentUrl":"https:\/\/brestsurffilmfestival.com\/2019\/wp-content\/uploads\/2019\/04\/TimMcKenna.jpg","width":1600,"height":971,"caption":"\u00a9 Tim McKenna"},{"@type":"BreadcrumbList","@id":"https:\/\/brestsurffilmfestival.com\/2019\/exposition-photo-tim-mckenna\/#breadcrumb","itemListElement":[{"@type":"ListItem","position":1,"name":"Accueil","item":"https:\/\/brestsurffilmfestival.com\/2019\/"},{"@type":"ListItem","position":2,"name":"Exposition photo"}]},{"@type":"WebSite","@id":"https:\/\/brestsurffilmfestival.com\/2019\/#website","url":"https:\/\/brestsurffilmfestival.com\/2019\/","name":"BREST SURF FILM FESTIVAL - 9 - 10 - 11 - 12 mai 2018","description":"Oc\u00e9anopolis 9 - 10 - 11 - 12 mai 2018","publisher":{"@id":"https:\/\/brestsurffilmfestival.com\/2019\/#organization"},"potentialAction":[{"@type":"SearchAction","target":{"@type":"EntryPoint","urlTemplate":"https:\/\/brestsurffilmfestival.com\/2019\/?s={search_term_string}"},"query-input":"required name=search_term_string"}],"inLanguage":"fr-FR"},{"@type":"Organization","@id":"https:\/\/brestsurffilmfestival.com\/2019\/#organization","name":"BREST SURF FILM FESTIVAL - 9 - 10 - 11 - 12 mai 2018","url":"https:\/\/brestsurffilmfestival.com\/2019\/","logo":{"@type":"ImageObject","inLanguage":"fr-FR","@id":"https:\/\/brestsurffilmfestival.com\/2019\/#\/schema\/logo\/image\/","url":"https:\/\/brestsurffilmfestival.com\/2019\/wp-content\/uploads\/2019\/01\/logo-bsff-ed3-2019.png","contentUrl":"https:\/\/brestsurffilmfestival.com\/2019\/wp-content\/uploads\/2019\/01\/logo-bsff-ed3-2019.png","width":375,"height":132,"caption":"BREST SURF FILM FESTIVAL - 9 - 10 - 11 - 12 mai 2018"},"image":{"@id":"https:\/\/brestsurffilmfestival.com\/2019\/#\/schema\/logo\/image\/"}}]}},"_links":{"self":[{"href":"https:\/\/brestsurffilmfestival.com\/2019\/wp-json\/wp\/v2\/pages\/1974"}],"collection":[{"href":"https:\/\/brestsurffilmfestival.com\/2019\/wp-json\/wp\/v2\/pages"}],"about":[{"href":"https:\/\/brestsurffilmfestival.com\/2019\/wp-json\/wp\/v2\/types\/page"}],"author":[{"embeddable":true,"href":"https:\/\/brestsurffilmfestival.com\/2019\/wp-json\/wp\/v2\/users\/1"}],"replies":[{"embeddable":true,"href":"https:\/\/brestsurffilmfestival.com\/2019\/wp-json\/wp\/v2\/comments?post=1974"}],"version-history":[{"count":6,"href":"https:\/\/brestsurffilmfestival.com\/2019\/wp-json\/wp\/v2\/pages\/1974\/revisions"}],"predecessor-version":[{"id":1982,"href":"https:\/\/brestsurffilmfestival.com\/2019\/wp-json\/wp\/v2\/pages\/1974\/revisions\/1982"}],"wp:attachment":[{"href":"https:\/\/brestsurffilmfestival.com\/2019\/wp-json\/wp\/v2\/media?parent=1974"}],"curies":[{"name":"wp","href":"https:\/\/api.w.org\/{rel}","templated":true}]}}