{"id":935,"date":"2018-04-02T14:06:34","date_gmt":"2018-04-02T12:06:34","guid":{"rendered":"https:\/\/brestsurffilmfestival.com\/2019\/?page_id=935"},"modified":"2019-01-19T19:25:12","modified_gmt":"2019-01-19T18:25:12","slug":"brest-surf-film-festival-2019","status":"publish","type":"page","link":"https:\/\/brestsurffilmfestival.com\/2019\/brest-surf-film-festival-2019\/","title":{"rendered":"Brest Surf Film Festival 2019"},"content":{"rendered":"<p>Le Brest Surf Film Festival (BSFF) privil\u00e9gie la pr\u00e9sentation de films en avant-premi\u00e8re mondiale, europ\u00e9enne et fran\u00e7aise, ainsi que la rencontre avec les r\u00e9alisateurs, producteurs et surfeurs. Le BSFF offre au public la possibilit\u00e9 de voir sur grand \u00e9cran, dans les meilleures conditions, les films s\u00e9lectionn\u00e9s.<\/p>\n<p>Le BSFF lance \u00e9galement un concours international de films courts de surf. Un jury compos\u00e9 de professionnels du cin\u00e9ma, de surfeurs, de photographes, de journalistes \u00e9lira les plus belles propositions. Le BSFF souhaite, par ce concours de films courts, stimuler la cr\u00e9ation audiovisuelle, favoriser et mettre en lumi\u00e8re l&rsquo;\u00e9mergence de jeunes talents, participer \u00e0 la diffusion et \u00e0 la promotion d&rsquo;\u0153uvres originales aupr\u00e8s du public.<\/p>\n<p>Le Brest Surf Film Festival est une c\u00e9l\u00e9bration de la culture contemporaine du surf.<\/p>\n<p><img loading=\"lazy\" decoding=\"async\" class=\"alignnone size-full wp-image-1038\" src=\"https:\/\/brestsurffilmfestival.com\/2019\/wp-content\/uploads\/2018\/04\/bezerke1.jpg\" alt=\"\" width=\"900\" height=\"506\" srcset=\"https:\/\/brestsurffilmfestival.com\/2019\/wp-content\/uploads\/2018\/04\/bezerke1.jpg 900w, https:\/\/brestsurffilmfestival.com\/2019\/wp-content\/uploads\/2018\/04\/bezerke1-300x169.jpg 300w, https:\/\/brestsurffilmfestival.com\/2019\/wp-content\/uploads\/2018\/04\/bezerke1-768x432.jpg 768w, https:\/\/brestsurffilmfestival.com\/2019\/wp-content\/uploads\/2018\/04\/bezerke1-600x337.jpg 600w\" sizes=\"(max-width: 709px) 85vw, (max-width: 909px) 67vw, (max-width: 1362px) 62vw, 840px\" \/><\/p>\n<p>\u00a9 Bezerke, Andrew Kaineder<\/p>\n","protected":false},"excerpt":{"rendered":"<p>Le Brest Surf Film Festival (BSFF) privil\u00e9gie la pr\u00e9sentation de films en avant-premi\u00e8re mondiale, europ\u00e9enne et fran\u00e7aise, ainsi que la rencontre avec les r\u00e9alisateurs, producteurs et surfeurs. Le BSFF offre au public la possibilit\u00e9 de voir sur grand \u00e9cran, dans les meilleures conditions, les films s\u00e9lectionn\u00e9s.<\/p>\n<p>Le BSFF lance \u00e9galement<\/p>\n<div class=\"clear\"><\/div>\n","protected":false},"author":1,"featured_media":6,"parent":0,"menu_order":0,"comment_status":"closed","ping_status":"closed","template":"","meta":{"_acf_changed":false,"footnotes":""},"acf":[],"yoast_head":"<!-- This site is optimized with the Yoast SEO plugin v22.2 - https:\/\/yoast.com\/wordpress\/plugins\/seo\/ -->\n<title>Brest Surf Film Festival 2019 &#060; BREST SURF FILM FESTIVAL - 9 - 10 - 11 - 12 mai 2018<\/title>\n<meta name=\"robots\" content=\"index, follow, max-snippet:-1, max-image-preview:large, max-video-preview:-1\" \/>\n<link rel=\"canonical\" href=\"https:\/\/brestsurffilmfestival.com\/2019\/brest-surf-film-festival-2019\/\" \/>\n<meta property=\"og:locale\" content=\"fr_FR\" \/>\n<meta property=\"og:type\" content=\"article\" \/>\n<meta property=\"og:title\" content=\"Brest Surf Film Festival 2019 &#060; BREST SURF FILM FESTIVAL - 9 - 10 - 11 - 12 mai 2018\" \/>\n<meta property=\"og:description\" content=\"Le Brest Surf Film Festival (BSFF) privil\u00e9gie la pr\u00e9sentation de films en avant-premi\u00e8re mondiale, europ\u00e9enne et fran\u00e7aise, ainsi que la rencontre avec les r\u00e9alisateurs, producteurs et surfeurs. Le BSFF offre au public la possibilit\u00e9 de voir sur grand \u00e9cran, dans les meilleures conditions, les films s\u00e9lectionn\u00e9s. Le BSFF lance \u00e9galement\" \/>\n<meta property=\"og:url\" content=\"https:\/\/brestsurffilmfestival.com\/2019\/brest-surf-film-festival-2019\/\" \/>\n<meta property=\"og:site_name\" content=\"BREST SURF FILM FESTIVAL - 9 - 10 - 11 - 12 mai 2018\" \/>\n<meta property=\"article:modified_time\" content=\"2019-01-19T18:25:12+00:00\" \/>\n<meta property=\"og:image\" content=\"https:\/\/brestsurffilmfestival.com\/2019\/wp-content\/uploads\/2017\/03\/plage-home.jpg\" \/>\n\t<meta property=\"og:image:width\" content=\"1680\" \/>\n\t<meta property=\"og:image:height\" content=\"623\" \/>\n\t<meta property=\"og:image:type\" content=\"image\/jpeg\" \/>\n<meta name=\"twitter:card\" content=\"summary_large_image\" \/>\n<meta name=\"twitter:label1\" content=\"Dur\u00e9e de lecture estim\u00e9e\" \/>\n\t<meta name=\"twitter:data1\" content=\"1 minute\" \/>\n<script type=\"application\/ld+json\" class=\"yoast-schema-graph\">{\"@context\":\"https:\/\/schema.org\",\"@graph\":[{\"@type\":\"WebPage\",\"@id\":\"https:\/\/brestsurffilmfestival.com\/2019\/brest-surf-film-festival-2019\/\",\"url\":\"https:\/\/brestsurffilmfestival.com\/2019\/brest-surf-film-festival-2019\/\",\"name\":\"Brest Surf Film Festival 2019 &#060; BREST SURF FILM FESTIVAL - 9 - 10 - 11 - 12 mai 2018\",\"isPartOf\":{\"@id\":\"https:\/\/brestsurffilmfestival.com\/2019\/#website\"},\"primaryImageOfPage\":{\"@id\":\"https:\/\/brestsurffilmfestival.com\/2019\/brest-surf-film-festival-2019\/#primaryimage\"},\"image\":{\"@id\":\"https:\/\/brestsurffilmfestival.com\/2019\/brest-surf-film-festival-2019\/#primaryimage\"},\"thumbnailUrl\":\"https:\/\/brestsurffilmfestival.com\/2019\/wp-content\/uploads\/2017\/03\/plage-home.jpg\",\"datePublished\":\"2018-04-02T12:06:34+00:00\",\"dateModified\":\"2019-01-19T18:25:12+00:00\",\"breadcrumb\":{\"@id\":\"https:\/\/brestsurffilmfestival.com\/2019\/brest-surf-film-festival-2019\/#breadcrumb\"},\"inLanguage\":\"fr-FR\",\"potentialAction\":[{\"@type\":\"ReadAction\",\"target\":[\"https:\/\/brestsurffilmfestival.com\/2019\/brest-surf-film-festival-2019\/\"]}]},{\"@type\":\"ImageObject\",\"inLanguage\":\"fr-FR\",\"@id\":\"https:\/\/brestsurffilmfestival.com\/2019\/brest-surf-film-festival-2019\/#primaryimage\",\"url\":\"https:\/\/brestsurffilmfestival.com\/2019\/wp-content\/uploads\/2017\/03\/plage-home.jpg\",\"contentUrl\":\"https:\/\/brestsurffilmfestival.com\/2019\/wp-content\/uploads\/2017\/03\/plage-home.jpg\",\"width\":1680,\"height\":623},{\"@type\":\"BreadcrumbList\",\"@id\":\"https:\/\/brestsurffilmfestival.com\/2019\/brest-surf-film-festival-2019\/#breadcrumb\",\"itemListElement\":[{\"@type\":\"ListItem\",\"position\":1,\"name\":\"Accueil\",\"item\":\"https:\/\/brestsurffilmfestival.com\/2019\/\"},{\"@type\":\"ListItem\",\"position\":2,\"name\":\"Brest Surf Film Festival 2019\"}]},{\"@type\":\"WebSite\",\"@id\":\"https:\/\/brestsurffilmfestival.com\/2019\/#website\",\"url\":\"https:\/\/brestsurffilmfestival.com\/2019\/\",\"name\":\"BREST SURF FILM FESTIVAL - 9 - 10 - 11 - 12 mai 2018\",\"description\":\"Oc\u00e9anopolis 9 - 10 - 11 - 12 mai 2018\",\"publisher\":{\"@id\":\"https:\/\/brestsurffilmfestival.com\/2019\/#organization\"},\"potentialAction\":[{\"@type\":\"SearchAction\",\"target\":{\"@type\":\"EntryPoint\",\"urlTemplate\":\"https:\/\/brestsurffilmfestival.com\/2019\/?s={search_term_string}\"},\"query-input\":\"required name=search_term_string\"}],\"inLanguage\":\"fr-FR\"},{\"@type\":\"Organization\",\"@id\":\"https:\/\/brestsurffilmfestival.com\/2019\/#organization\",\"name\":\"BREST SURF FILM FESTIVAL - 9 - 10 - 11 - 12 mai 2018\",\"url\":\"https:\/\/brestsurffilmfestival.com\/2019\/\",\"logo\":{\"@type\":\"ImageObject\",\"inLanguage\":\"fr-FR\",\"@id\":\"https:\/\/brestsurffilmfestival.com\/2019\/#\/schema\/logo\/image\/\",\"url\":\"https:\/\/brestsurffilmfestival.com\/2019\/wp-content\/uploads\/2019\/01\/logo-bsff-ed3-2019.png\",\"contentUrl\":\"https:\/\/brestsurffilmfestival.com\/2019\/wp-content\/uploads\/2019\/01\/logo-bsff-ed3-2019.png\",\"width\":375,\"height\":132,\"caption\":\"BREST SURF FILM FESTIVAL - 9 - 10 - 11 - 12 mai 2018\"},\"image\":{\"@id\":\"https:\/\/brestsurffilmfestival.com\/2019\/#\/schema\/logo\/image\/\"}}]}<\/script>\n<!-- \/ Yoast SEO plugin. -->","yoast_head_json":{"title":"Brest Surf Film Festival 2019 &#060; BREST SURF FILM FESTIVAL - 9 - 10 - 11 - 12 mai 2018","robots":{"index":"index","follow":"follow","max-snippet":"max-snippet:-1","max-image-preview":"max-image-preview:large","max-video-preview":"max-video-preview:-1"},"canonical":"https:\/\/brestsurffilmfestival.com\/2019\/brest-surf-film-festival-2019\/","og_locale":"fr_FR","og_type":"article","og_title":"Brest Surf Film Festival 2019 &#060; BREST SURF FILM FESTIVAL - 9 - 10 - 11 - 12 mai 2018","og_description":"Le Brest Surf Film Festival (BSFF) privil\u00e9gie la pr\u00e9sentation de films en avant-premi\u00e8re mondiale, europ\u00e9enne et fran\u00e7aise, ainsi que la rencontre avec les r\u00e9alisateurs, producteurs et surfeurs. Le BSFF offre au public la possibilit\u00e9 de voir sur grand \u00e9cran, dans les meilleures conditions, les films s\u00e9lectionn\u00e9s. Le BSFF lance \u00e9galement","og_url":"https:\/\/brestsurffilmfestival.com\/2019\/brest-surf-film-festival-2019\/","og_site_name":"BREST SURF FILM FESTIVAL - 9 - 10 - 11 - 12 mai 2018","article_modified_time":"2019-01-19T18:25:12+00:00","og_image":[{"width":1680,"height":623,"url":"https:\/\/brestsurffilmfestival.com\/2019\/wp-content\/uploads\/2017\/03\/plage-home.jpg","type":"image\/jpeg"}],"twitter_card":"summary_large_image","twitter_misc":{"Dur\u00e9e de lecture estim\u00e9e":"1 minute"},"schema":{"@context":"https:\/\/schema.org","@graph":[{"@type":"WebPage","@id":"https:\/\/brestsurffilmfestival.com\/2019\/brest-surf-film-festival-2019\/","url":"https:\/\/brestsurffilmfestival.com\/2019\/brest-surf-film-festival-2019\/","name":"Brest Surf Film Festival 2019 &#060; BREST SURF FILM FESTIVAL - 9 - 10 - 11 - 12 mai 2018","isPartOf":{"@id":"https:\/\/brestsurffilmfestival.com\/2019\/#website"},"primaryImageOfPage":{"@id":"https:\/\/brestsurffilmfestival.com\/2019\/brest-surf-film-festival-2019\/#primaryimage"},"image":{"@id":"https:\/\/brestsurffilmfestival.com\/2019\/brest-surf-film-festival-2019\/#primaryimage"},"thumbnailUrl":"https:\/\/brestsurffilmfestival.com\/2019\/wp-content\/uploads\/2017\/03\/plage-home.jpg","datePublished":"2018-04-02T12:06:34+00:00","dateModified":"2019-01-19T18:25:12+00:00","breadcrumb":{"@id":"https:\/\/brestsurffilmfestival.com\/2019\/brest-surf-film-festival-2019\/#breadcrumb"},"inLanguage":"fr-FR","potentialAction":[{"@type":"ReadAction","target":["https:\/\/brestsurffilmfestival.com\/2019\/brest-surf-film-festival-2019\/"]}]},{"@type":"ImageObject","inLanguage":"fr-FR","@id":"https:\/\/brestsurffilmfestival.com\/2019\/brest-surf-film-festival-2019\/#primaryimage","url":"https:\/\/brestsurffilmfestival.com\/2019\/wp-content\/uploads\/2017\/03\/plage-home.jpg","contentUrl":"https:\/\/brestsurffilmfestival.com\/2019\/wp-content\/uploads\/2017\/03\/plage-home.jpg","width":1680,"height":623},{"@type":"BreadcrumbList","@id":"https:\/\/brestsurffilmfestival.com\/2019\/brest-surf-film-festival-2019\/#breadcrumb","itemListElement":[{"@type":"ListItem","position":1,"name":"Accueil","item":"https:\/\/brestsurffilmfestival.com\/2019\/"},{"@type":"ListItem","position":2,"name":"Brest Surf Film Festival 2019"}]},{"@type":"WebSite","@id":"https:\/\/brestsurffilmfestival.com\/2019\/#website","url":"https:\/\/brestsurffilmfestival.com\/2019\/","name":"BREST SURF FILM FESTIVAL - 9 - 10 - 11 - 12 mai 2018","description":"Oc\u00e9anopolis 9 - 10 - 11 - 12 mai 2018","publisher":{"@id":"https:\/\/brestsurffilmfestival.com\/2019\/#organization"},"potentialAction":[{"@type":"SearchAction","target":{"@type":"EntryPoint","urlTemplate":"https:\/\/brestsurffilmfestival.com\/2019\/?s={search_term_string}"},"query-input":"required name=search_term_string"}],"inLanguage":"fr-FR"},{"@type":"Organization","@id":"https:\/\/brestsurffilmfestival.com\/2019\/#organization","name":"BREST SURF FILM FESTIVAL - 9 - 10 - 11 - 12 mai 2018","url":"https:\/\/brestsurffilmfestival.com\/2019\/","logo":{"@type":"ImageObject","inLanguage":"fr-FR","@id":"https:\/\/brestsurffilmfestival.com\/2019\/#\/schema\/logo\/image\/","url":"https:\/\/brestsurffilmfestival.com\/2019\/wp-content\/uploads\/2019\/01\/logo-bsff-ed3-2019.png","contentUrl":"https:\/\/brestsurffilmfestival.com\/2019\/wp-content\/uploads\/2019\/01\/logo-bsff-ed3-2019.png","width":375,"height":132,"caption":"BREST SURF FILM FESTIVAL - 9 - 10 - 11 - 12 mai 2018"},"image":{"@id":"https:\/\/brestsurffilmfestival.com\/2019\/#\/schema\/logo\/image\/"}}]}},"_links":{"self":[{"href":"https:\/\/brestsurffilmfestival.com\/2019\/wp-json\/wp\/v2\/pages\/935"}],"collection":[{"href":"https:\/\/brestsurffilmfestival.com\/2019\/wp-json\/wp\/v2\/pages"}],"about":[{"href":"https:\/\/brestsurffilmfestival.com\/2019\/wp-json\/wp\/v2\/types\/page"}],"author":[{"embeddable":true,"href":"https:\/\/brestsurffilmfestival.com\/2019\/wp-json\/wp\/v2\/users\/1"}],"replies":[{"embeddable":true,"href":"https:\/\/brestsurffilmfestival.com\/2019\/wp-json\/wp\/v2\/comments?post=935"}],"version-history":[{"count":6,"href":"https:\/\/brestsurffilmfestival.com\/2019\/wp-json\/wp\/v2\/pages\/935\/revisions"}],"predecessor-version":[{"id":1411,"href":"https:\/\/brestsurffilmfestival.com\/2019\/wp-json\/wp\/v2\/pages\/935\/revisions\/1411"}],"wp:featuredmedia":[{"embeddable":true,"href":"https:\/\/brestsurffilmfestival.com\/2019\/wp-json\/wp\/v2\/media\/6"}],"wp:attachment":[{"href":"https:\/\/brestsurffilmfestival.com\/2019\/wp-json\/wp\/v2\/media?parent=935"}],"curies":[{"name":"wp","href":"https:\/\/api.w.org\/{rel}","templated":true}]}}