{"id":1293,"date":"2018-04-20T17:11:42","date_gmt":"2018-04-20T15:11:42","guid":{"rendered":"https:\/\/brestsurffilmfestival.com\/2021\/?page_id=1293"},"modified":"2022-01-12T21:13:02","modified_gmt":"2022-01-12T20:13:02","slug":"concours-photo","status":"publish","type":"page","link":"https:\/\/brestsurffilmfestival.com\/2021\/concours-photo\/","title":{"rendered":"Concours photo"},"content":{"rendered":"<h2>Surf \/ Bretagne \/ Nature<\/h2>\n<p>Mille mercis \u00e0 tous les participants du concours photo #SurfBretagneNature 2020<br \/>\net toutes nos f\u00e9licitations \u00e0 l&rsquo;heureux laur\u00e9at : Yann F\u00e9vrier avec sa photo \u201cMim\u00e9tisme\u201d !!!<\/p>\n<p>&nbsp;<\/p>\n<p><img loading=\"lazy\" decoding=\"async\" class=\"alignnone wp-image-2149\" src=\"https:\/\/brestsurffilmfestival.com\/2021\/wp-content\/uploads\/2020\/12\/concours-photo-winner.jpg\" alt=\"\" width=\"800\" height=\"541\" srcset=\"https:\/\/brestsurffilmfestival.com\/2021\/wp-content\/uploads\/2020\/12\/concours-photo-winner.jpg 1000w, https:\/\/brestsurffilmfestival.com\/2021\/wp-content\/uploads\/2020\/12\/concours-photo-winner-300x203.jpg 300w, https:\/\/brestsurffilmfestival.com\/2021\/wp-content\/uploads\/2020\/12\/concours-photo-winner-768x519.jpg 768w, https:\/\/brestsurffilmfestival.com\/2021\/wp-content\/uploads\/2020\/12\/concours-photo-winner-600x406.jpg 600w\" sizes=\"(max-width: 800px) 85vw, 800px\" \/><\/p>\n<p>&nbsp;<\/p>\n<p>&nbsp;<\/p>\n<p>&nbsp;<\/p>\n<p>Dans le cadre du Brest Surf Film Festival 2021, l&rsquo;association Jours d&rsquo;\u00e9cume organise avec l&rsquo;Office fran\u00e7ais de la biodiversit\u00e9 et Surfer&rsquo;s Journal un concours de photographies. Il s&rsquo;agit d&rsquo;illustrer d&rsquo;une part la relation \u201cpositive\u201d homme-nature sur le littoral de la Bretagne et d&rsquo;autre part de participer ainsi \u00e0 la sensibilisation et \u00e0 la protection des milieux marins et du littoral. <strong>Les photos devront pouvoir illustrer la pr\u00e9servation de la nature (\u00e9cosyst\u00e8mes marins et littoraux) sur les spots de pratiques de surf, long board, paddle board, body board<\/strong>\u2026 Les photos doivent s\u2019inscrire dans un objectif de sensibiliser\/informer aux enjeux de pr\u00e9servation des sites de pratiques existants. La philosophie suivante pourra utilement \u00eatre illustr\u00e9e : Pr\u00e9server les esp\u00e8ces et habitats qu\u2019abrite le site, c\u2019est pr\u00e9server le cadre de pratique de l\u2019activit\u00e9, c\u2019est aussi pr\u00e9server l\u2019activit\u00e9. Les photos pourront notamment mettre en sc\u00e8ne :<\/p>\n<p>\u2022 Un sentiment sur l\u2019\u00e9volution naturelle d\u2019un site de pratique de surf,<br \/>\n\u2022 Les actions au quotidien pour pr\u00e9server les esp\u00e8ces (oiseaux, mammif\u00e8res marins&#8230;),<br \/>\n\u2022 La compr\u00e9hension de l\u2019effet du d\u00e9rangement,<br \/>\n\u2022 Les caract\u00e9ristiques de votre pratique en lien avec la nature,<br \/>\n\u2022 Les rencontres humaines (transmission interg\u00e9n\u00e9rationnelle) et \u201cnaturalistes\u201d qui peuvent avoir lieu dans le cadre de vos activit\u00e9s sportives de nature (surf, long board, paddle board, body board\u2026) sur le littoral et en mer.<\/p>\n<p><strong>Rendez-vous sur le site <a href=\"http:\/\/www.c-monspot.fr\/\">www.c-monspot<\/a> pour vous inspirer. Vous y trouverez une cartographie des secteurs de sensibilit\u00e9 \u00e9cologique, des fiches esp\u00e8ces, des vid\u00e9os pr\u00e9sentant les cl\u00e9s de compr\u00e9hension du d\u00e9rangement&#8230;<\/strong><\/p>\n<p>&nbsp;<\/p>\n<p><img loading=\"lazy\" decoding=\"async\" class=\"alignnone size-full wp-image-2096\" src=\"https:\/\/brestsurffilmfestival.com\/2021\/wp-content\/uploads\/2019\/04\/logo-OFB.png\" alt=\"\" width=\"300\" height=\"150\" \/><img loading=\"lazy\" decoding=\"async\" class=\"alignnone size-full wp-image-1518\" src=\"https:\/\/brestsurffilmfestival.com\/2021\/wp-content\/uploads\/2019\/04\/surfers.png\" alt=\"\" width=\"301\" height=\"151\" srcset=\"https:\/\/brestsurffilmfestival.com\/2021\/wp-content\/uploads\/2019\/04\/surfers.png 301w, https:\/\/brestsurffilmfestival.com\/2021\/wp-content\/uploads\/2019\/04\/surfers-300x150.png 300w\" sizes=\"(max-width: 301px) 85vw, 301px\" \/><\/p>\n<p>&nbsp;<\/p>\n<h2>Comment participer ?<\/h2>\n<p><a href=\"https:\/\/brestsurffilmfestival.com\/2021\/inscription-concours-photobsff2020\/\">T\u00c9L\u00c9CHARGER LA FICHE D&rsquo;INSCRIPTION<\/a>\u00a0et retournez-l\u00e0 compl\u00e9t\u00e9e avec votre photo par mail \u00e0 :<br \/>\n<a href=\"mailto:contact@brestsurffilmfestival.bzh\">contact@brestsurffilmfestival.bzh<\/a> <strong>avant le 25 novembre 2020. Annonce des laur\u00e9ats pour les f\u00eates de fin d&rsquo;ann\u00e9e !<\/strong><\/p>\n<p>&nbsp;<\/p>\n","protected":false},"excerpt":{"rendered":"<p>Surf \/ Bretagne \/ Nature <\/p>\n<p>Mille mercis \u00e0 tous les participants du concours photo #SurfBretagneNature 2020<br \/> et toutes nos f\u00e9licitations \u00e0 l&rsquo;heureux laur\u00e9at : Yann F\u00e9vrier avec sa photo \u201cMim\u00e9tisme\u201d !!!<\/p>\n<p>&nbsp;<\/p>\n<\/p>\n<p>&nbsp;<\/p>\n<p>&nbsp;<\/p>\n<p>&nbsp;<\/p>\n<p>Dans le cadre du Brest Surf Film Festival 2021, l&rsquo;association Jours d&rsquo;\u00e9cume organise<\/p>\n<div class=\"clear\"><\/div>\n","protected":false},"author":1,"featured_media":0,"parent":0,"menu_order":3,"comment_status":"closed","ping_status":"closed","template":"","meta":{"_acf_changed":false,"footnotes":""},"acf":[],"yoast_head":"<!-- This site is optimized with the Yoast SEO plugin v22.2 - https:\/\/yoast.com\/wordpress\/plugins\/seo\/ -->\n<title>Concours photo &#060; BREST SURF FILM FESTIVAL - Oc\u00e9anopolis du 29 septembre au 02 octobre 2021<\/title>\n<meta name=\"robots\" content=\"index, follow, max-snippet:-1, max-image-preview:large, max-video-preview:-1\" \/>\n<link rel=\"canonical\" href=\"https:\/\/brestsurffilmfestival.com\/2021\/concours-photo\/\" \/>\n<meta property=\"og:locale\" content=\"fr_FR\" \/>\n<meta property=\"og:type\" content=\"article\" \/>\n<meta property=\"og:title\" content=\"Concours photo &#060; BREST SURF FILM FESTIVAL - Oc\u00e9anopolis du 29 septembre au 02 octobre 2021\" \/>\n<meta property=\"og:description\" content=\"Surf \/ Bretagne \/ Nature Mille mercis \u00e0 tous les participants du concours photo #SurfBretagneNature 2020 et toutes nos f\u00e9licitations \u00e0 l&rsquo;heureux laur\u00e9at : Yann F\u00e9vrier avec sa photo \u201cMim\u00e9tisme\u201d !!! &nbsp; &nbsp; &nbsp; &nbsp; Dans le cadre du Brest Surf Film Festival 2021, l&rsquo;association Jours d&rsquo;\u00e9cume organise\" \/>\n<meta property=\"og:url\" content=\"https:\/\/brestsurffilmfestival.com\/2021\/concours-photo\/\" \/>\n<meta property=\"og:site_name\" content=\"BREST SURF FILM FESTIVAL - Oc\u00e9anopolis du 29 septembre au 02 octobre 2021\" \/>\n<meta property=\"article:modified_time\" content=\"2022-01-12T20:13:02+00:00\" \/>\n<meta property=\"og:image\" content=\"https:\/\/brestsurffilmfestival.com\/2021\/wp-content\/uploads\/2020\/12\/concours-photo-winner.jpg\" \/>\n<meta name=\"twitter:card\" content=\"summary_large_image\" \/>\n<meta name=\"twitter:label1\" content=\"Dur\u00e9e de lecture estim\u00e9e\" \/>\n\t<meta name=\"twitter:data1\" content=\"2 minutes\" \/>\n<script type=\"application\/ld+json\" class=\"yoast-schema-graph\">{\"@context\":\"https:\/\/schema.org\",\"@graph\":[{\"@type\":\"WebPage\",\"@id\":\"https:\/\/brestsurffilmfestival.com\/2021\/concours-photo\/\",\"url\":\"https:\/\/brestsurffilmfestival.com\/2021\/concours-photo\/\",\"name\":\"Concours photo &#060; BREST SURF FILM FESTIVAL - Oc\u00e9anopolis du 29 septembre au 02 octobre 2021\",\"isPartOf\":{\"@id\":\"https:\/\/brestsurffilmfestival.com\/2021\/#website\"},\"primaryImageOfPage\":{\"@id\":\"https:\/\/brestsurffilmfestival.com\/2021\/concours-photo\/#primaryimage\"},\"image\":{\"@id\":\"https:\/\/brestsurffilmfestival.com\/2021\/concours-photo\/#primaryimage\"},\"thumbnailUrl\":\"https:\/\/brestsurffilmfestival.com\/2021\/wp-content\/uploads\/2020\/12\/concours-photo-winner.jpg\",\"datePublished\":\"2018-04-20T15:11:42+00:00\",\"dateModified\":\"2022-01-12T20:13:02+00:00\",\"breadcrumb\":{\"@id\":\"https:\/\/brestsurffilmfestival.com\/2021\/concours-photo\/#breadcrumb\"},\"inLanguage\":\"fr-FR\",\"potentialAction\":[{\"@type\":\"ReadAction\",\"target\":[\"https:\/\/brestsurffilmfestival.com\/2021\/concours-photo\/\"]}]},{\"@type\":\"ImageObject\",\"inLanguage\":\"fr-FR\",\"@id\":\"https:\/\/brestsurffilmfestival.com\/2021\/concours-photo\/#primaryimage\",\"url\":\"https:\/\/brestsurffilmfestival.com\/2021\/wp-content\/uploads\/2020\/12\/concours-photo-winner.jpg\",\"contentUrl\":\"https:\/\/brestsurffilmfestival.com\/2021\/wp-content\/uploads\/2020\/12\/concours-photo-winner.jpg\",\"width\":1000,\"height\":676},{\"@type\":\"BreadcrumbList\",\"@id\":\"https:\/\/brestsurffilmfestival.com\/2021\/concours-photo\/#breadcrumb\",\"itemListElement\":[{\"@type\":\"ListItem\",\"position\":1,\"name\":\"Accueil\",\"item\":\"https:\/\/brestsurffilmfestival.com\/2021\/\"},{\"@type\":\"ListItem\",\"position\":2,\"name\":\"Concours photo\"}]},{\"@type\":\"WebSite\",\"@id\":\"https:\/\/brestsurffilmfestival.com\/2021\/#website\",\"url\":\"https:\/\/brestsurffilmfestival.com\/2021\/\",\"name\":\"BREST SURF FILM FESTIVAL - Oc\u00e9anopolis du 29 septembre au 02 octobre 2021\",\"description\":\"Oc\u00e9anopolis du 29 septembre au 02 octobre 2021\",\"publisher\":{\"@id\":\"https:\/\/brestsurffilmfestival.com\/2021\/#organization\"},\"potentialAction\":[{\"@type\":\"SearchAction\",\"target\":{\"@type\":\"EntryPoint\",\"urlTemplate\":\"https:\/\/brestsurffilmfestival.com\/2021\/?s={search_term_string}\"},\"query-input\":\"required name=search_term_string\"}],\"inLanguage\":\"fr-FR\"},{\"@type\":\"Organization\",\"@id\":\"https:\/\/brestsurffilmfestival.com\/2021\/#organization\",\"name\":\"BREST SURF FILM FESTIVAL - Oc\u00e9anopolis du 29 septembre au 02 octobre 2021\",\"url\":\"https:\/\/brestsurffilmfestival.com\/2021\/\",\"logo\":{\"@type\":\"ImageObject\",\"inLanguage\":\"fr-FR\",\"@id\":\"https:\/\/brestsurffilmfestival.com\/2021\/#\/schema\/logo\/image\/\",\"url\":\"https:\/\/brestsurffilmfestival.com\/2021\/wp-content\/uploads\/2020\/01\/logo-bsff-ed4-2020.png\",\"contentUrl\":\"https:\/\/brestsurffilmfestival.com\/2021\/wp-content\/uploads\/2020\/01\/logo-bsff-ed4-2020.png\",\"width\":377,\"height\":133,\"caption\":\"BREST SURF FILM FESTIVAL - Oc\u00e9anopolis du 29 septembre au 02 octobre 2021\"},\"image\":{\"@id\":\"https:\/\/brestsurffilmfestival.com\/2021\/#\/schema\/logo\/image\/\"}}]}<\/script>\n<!-- \/ Yoast SEO plugin. -->","yoast_head_json":{"title":"Concours photo &#060; BREST SURF FILM FESTIVAL - Oc\u00e9anopolis du 29 septembre au 02 octobre 2021","robots":{"index":"index","follow":"follow","max-snippet":"max-snippet:-1","max-image-preview":"max-image-preview:large","max-video-preview":"max-video-preview:-1"},"canonical":"https:\/\/brestsurffilmfestival.com\/2021\/concours-photo\/","og_locale":"fr_FR","og_type":"article","og_title":"Concours photo &#060; BREST SURF FILM FESTIVAL - Oc\u00e9anopolis du 29 septembre au 02 octobre 2021","og_description":"Surf \/ Bretagne \/ Nature Mille mercis \u00e0 tous les participants du concours photo #SurfBretagneNature 2020 et toutes nos f\u00e9licitations \u00e0 l&rsquo;heureux laur\u00e9at : Yann F\u00e9vrier avec sa photo \u201cMim\u00e9tisme\u201d !!! &nbsp; &nbsp; &nbsp; &nbsp; Dans le cadre du Brest Surf Film Festival 2021, l&rsquo;association Jours d&rsquo;\u00e9cume organise","og_url":"https:\/\/brestsurffilmfestival.com\/2021\/concours-photo\/","og_site_name":"BREST SURF FILM FESTIVAL - Oc\u00e9anopolis du 29 septembre au 02 octobre 2021","article_modified_time":"2022-01-12T20:13:02+00:00","og_image":[{"url":"https:\/\/brestsurffilmfestival.com\/2021\/wp-content\/uploads\/2020\/12\/concours-photo-winner.jpg"}],"twitter_card":"summary_large_image","twitter_misc":{"Dur\u00e9e de lecture estim\u00e9e":"2 minutes"},"schema":{"@context":"https:\/\/schema.org","@graph":[{"@type":"WebPage","@id":"https:\/\/brestsurffilmfestival.com\/2021\/concours-photo\/","url":"https:\/\/brestsurffilmfestival.com\/2021\/concours-photo\/","name":"Concours photo &#060; BREST SURF FILM FESTIVAL - Oc\u00e9anopolis du 29 septembre au 02 octobre 2021","isPartOf":{"@id":"https:\/\/brestsurffilmfestival.com\/2021\/#website"},"primaryImageOfPage":{"@id":"https:\/\/brestsurffilmfestival.com\/2021\/concours-photo\/#primaryimage"},"image":{"@id":"https:\/\/brestsurffilmfestival.com\/2021\/concours-photo\/#primaryimage"},"thumbnailUrl":"https:\/\/brestsurffilmfestival.com\/2021\/wp-content\/uploads\/2020\/12\/concours-photo-winner.jpg","datePublished":"2018-04-20T15:11:42+00:00","dateModified":"2022-01-12T20:13:02+00:00","breadcrumb":{"@id":"https:\/\/brestsurffilmfestival.com\/2021\/concours-photo\/#breadcrumb"},"inLanguage":"fr-FR","potentialAction":[{"@type":"ReadAction","target":["https:\/\/brestsurffilmfestival.com\/2021\/concours-photo\/"]}]},{"@type":"ImageObject","inLanguage":"fr-FR","@id":"https:\/\/brestsurffilmfestival.com\/2021\/concours-photo\/#primaryimage","url":"https:\/\/brestsurffilmfestival.com\/2021\/wp-content\/uploads\/2020\/12\/concours-photo-winner.jpg","contentUrl":"https:\/\/brestsurffilmfestival.com\/2021\/wp-content\/uploads\/2020\/12\/concours-photo-winner.jpg","width":1000,"height":676},{"@type":"BreadcrumbList","@id":"https:\/\/brestsurffilmfestival.com\/2021\/concours-photo\/#breadcrumb","itemListElement":[{"@type":"ListItem","position":1,"name":"Accueil","item":"https:\/\/brestsurffilmfestival.com\/2021\/"},{"@type":"ListItem","position":2,"name":"Concours photo"}]},{"@type":"WebSite","@id":"https:\/\/brestsurffilmfestival.com\/2021\/#website","url":"https:\/\/brestsurffilmfestival.com\/2021\/","name":"BREST SURF FILM FESTIVAL - Oc\u00e9anopolis du 29 septembre au 02 octobre 2021","description":"Oc\u00e9anopolis du 29 septembre au 02 octobre 2021","publisher":{"@id":"https:\/\/brestsurffilmfestival.com\/2021\/#organization"},"potentialAction":[{"@type":"SearchAction","target":{"@type":"EntryPoint","urlTemplate":"https:\/\/brestsurffilmfestival.com\/2021\/?s={search_term_string}"},"query-input":"required name=search_term_string"}],"inLanguage":"fr-FR"},{"@type":"Organization","@id":"https:\/\/brestsurffilmfestival.com\/2021\/#organization","name":"BREST SURF FILM FESTIVAL - Oc\u00e9anopolis du 29 septembre au 02 octobre 2021","url":"https:\/\/brestsurffilmfestival.com\/2021\/","logo":{"@type":"ImageObject","inLanguage":"fr-FR","@id":"https:\/\/brestsurffilmfestival.com\/2021\/#\/schema\/logo\/image\/","url":"https:\/\/brestsurffilmfestival.com\/2021\/wp-content\/uploads\/2020\/01\/logo-bsff-ed4-2020.png","contentUrl":"https:\/\/brestsurffilmfestival.com\/2021\/wp-content\/uploads\/2020\/01\/logo-bsff-ed4-2020.png","width":377,"height":133,"caption":"BREST SURF FILM FESTIVAL - Oc\u00e9anopolis du 29 septembre au 02 octobre 2021"},"image":{"@id":"https:\/\/brestsurffilmfestival.com\/2021\/#\/schema\/logo\/image\/"}}]}},"_links":{"self":[{"href":"https:\/\/brestsurffilmfestival.com\/2021\/wp-json\/wp\/v2\/pages\/1293"}],"collection":[{"href":"https:\/\/brestsurffilmfestival.com\/2021\/wp-json\/wp\/v2\/pages"}],"about":[{"href":"https:\/\/brestsurffilmfestival.com\/2021\/wp-json\/wp\/v2\/types\/page"}],"author":[{"embeddable":true,"href":"https:\/\/brestsurffilmfestival.com\/2021\/wp-json\/wp\/v2\/users\/1"}],"replies":[{"embeddable":true,"href":"https:\/\/brestsurffilmfestival.com\/2021\/wp-json\/wp\/v2\/comments?post=1293"}],"version-history":[{"count":3,"href":"https:\/\/brestsurffilmfestival.com\/2021\/wp-json\/wp\/v2\/pages\/1293\/revisions"}],"predecessor-version":[{"id":2153,"href":"https:\/\/brestsurffilmfestival.com\/2021\/wp-json\/wp\/v2\/pages\/1293\/revisions\/2153"}],"wp:attachment":[{"href":"https:\/\/brestsurffilmfestival.com\/2021\/wp-json\/wp\/v2\/media?parent=1293"}],"curies":[{"name":"wp","href":"https:\/\/api.w.org\/{rel}","templated":true}]}}