{"id":868,"date":"2017-12-02T00:42:40","date_gmt":"2017-12-01T23:42:40","guid":{"rendered":"https:\/\/brestsurffilmfestival.com\/2021\/?page_id=868"},"modified":"2022-01-26T18:40:01","modified_gmt":"2022-01-26T17:40:01","slug":"premier-festival-international-film-de-surf-bretagne","status":"publish","type":"page","link":"https:\/\/brestsurffilmfestival.com\/2021\/","title":{"rendered":"Premier festival international <span>du film de surf en Bretagne<\/span>"},"content":{"rendered":"<div>\n<p><strong>Message aux r\u00e9alisatrices et r\u00e9alisateurs :<\/strong><br \/>\n<strong>Nous vous remercions chaleureusement pour toutes les propositions de films que nous avons re\u00e7ues.<\/strong><br \/>\n<strong>\u00c9tant donn\u00e9 leur nombre, et \u00e9tant donn\u00e9 l&rsquo;ann\u00e9e que nous venons de traverser, il ne nous a pas \u00e9t\u00e9 possible d&rsquo;y r\u00e9pondre personnellement. <\/strong><strong>N&rsquo;h\u00e9sitez pas &#8211; surtout &#8211; \u00e0 nous proposer vos prochaines cr\u00e9ations pour l&rsquo;\u00e9dition BSFF2022 quand l&rsquo;appel \u00e0 films sera lanc\u00e9.<\/strong><br \/>\n<strong>L&rsquo;\u00e9quipe du BSFF.<\/strong><\/p>\n<p>Le Brest Surf Film Festival propose de visionner le meilleur de la production plan\u00e9taire de films de surf r\u00e9alis\u00e9s durant l&rsquo;ann\u00e9e \u00e9coul\u00e9e, en privil\u00e9giant la cr\u00e9ativit\u00e9, l&rsquo;inventivit\u00e9 et l&rsquo;audace.<br \/>\nLe BSFF vous invite \u00e0 une immersion au sein des forces et des \u00e9nergies de la nature. Cr\u00e9er la sensation esth\u00e9tique, partager le plaisir de la glisse, c\u2019est aussi l\u2019esprit du festival.<em>At the Brest Surf Film Festival you will be able to view the worlds most creative, exciting and innovative surf films produced in the past year. You are invited to dive into forces of nature that define the world of surfing. Through these films the festival will create a shared feeling of adventure and passion for the oceans, surfing and everything else that comes with it.<\/em><\/p>\n<\/div>\n","protected":false},"excerpt":{"rendered":"<div>\n<p><strong>Message aux r\u00e9alisatrices et r\u00e9alisateurs :<\/strong><br \/> <strong>Nous vous remercions chaleureusement pour toutes les propositions de films que nous avons re\u00e7ues.<\/strong><br \/> <strong>\u00c9tant donn\u00e9 leur nombre, et \u00e9tant donn\u00e9 l&rsquo;ann\u00e9e que nous venons de traverser, il ne nous a pas \u00e9t\u00e9 possible d&rsquo;y r\u00e9pondre personnellement. <\/strong><strong>N&rsquo;h\u00e9sitez pas &#8211; surtout<\/p>\n<div class=\"clear\"><\/div>\n","protected":false},"author":1,"featured_media":2070,"parent":0,"menu_order":8,"comment_status":"closed","ping_status":"closed","template":"templates\/accueil.php","meta":{"_acf_changed":false,"footnotes":""},"acf":[],"yoast_head":"<!-- This site is optimized with the Yoast SEO plugin v22.2 - https:\/\/yoast.com\/wordpress\/plugins\/seo\/ -->\n<title>Premier festival international du film de surf en Bretagne &#060; BREST SURF FILM FESTIVAL - Oc\u00e9anopolis du 29 septembre au 02 octobre 2021<\/title>\n<meta name=\"robots\" content=\"index, follow, max-snippet:-1, max-image-preview:large, max-video-preview:-1\" \/>\n<link rel=\"canonical\" href=\"https:\/\/brestsurffilmfestival.com\/2021\/\" \/>\n<meta property=\"og:locale\" content=\"fr_FR\" \/>\n<meta property=\"og:type\" content=\"article\" \/>\n<meta property=\"og:title\" content=\"Premier festival international du film de surf en Bretagne &#060; BREST SURF FILM FESTIVAL - Oc\u00e9anopolis du 29 septembre au 02 octobre 2021\" \/>\n<meta property=\"og:description\" content=\"Message aux r\u00e9alisatrices et r\u00e9alisateurs : Nous vous remercions chaleureusement pour toutes les propositions de films que nous avons re\u00e7ues. \u00c9tant donn\u00e9 leur nombre, et \u00e9tant donn\u00e9 l&rsquo;ann\u00e9e que nous venons de traverser, il ne nous a pas \u00e9t\u00e9 possible d&rsquo;y r\u00e9pondre personnellement. N&rsquo;h\u00e9sitez pas &#8211; surtout\" \/>\n<meta property=\"og:url\" content=\"https:\/\/brestsurffilmfestival.com\/2021\/\" \/>\n<meta property=\"og:site_name\" content=\"BREST SURF FILM FESTIVAL - Oc\u00e9anopolis du 29 septembre au 02 octobre 2021\" \/>\n<meta property=\"article:modified_time\" content=\"2022-01-26T17:40:01+00:00\" \/>\n<meta property=\"og:image\" content=\"https:\/\/brestsurffilmfestival.com\/2021\/wp-content\/uploads\/2020\/01\/jeanjulien-home.png\" \/>\n\t<meta property=\"og:image:width\" content=\"1280\" \/>\n\t<meta property=\"og:image:height\" content=\"770\" \/>\n\t<meta property=\"og:image:type\" content=\"image\/png\" \/>\n<meta name=\"twitter:card\" content=\"summary_large_image\" \/>\n<meta name=\"twitter:label1\" content=\"Dur\u00e9e de lecture estim\u00e9e\" \/>\n\t<meta name=\"twitter:data1\" content=\"1 minute\" \/>\n<script type=\"application\/ld+json\" class=\"yoast-schema-graph\">{\"@context\":\"https:\/\/schema.org\",\"@graph\":[{\"@type\":\"WebPage\",\"@id\":\"https:\/\/brestsurffilmfestival.com\/2021\/\",\"url\":\"https:\/\/brestsurffilmfestival.com\/2021\/\",\"name\":\"Premier festival international du film de surf en Bretagne &#060; BREST SURF FILM FESTIVAL - Oc\u00e9anopolis du 29 septembre au 02 octobre 2021\",\"isPartOf\":{\"@id\":\"https:\/\/brestsurffilmfestival.com\/2021\/#website\"},\"primaryImageOfPage\":{\"@id\":\"https:\/\/brestsurffilmfestival.com\/2021\/#primaryimage\"},\"image\":{\"@id\":\"https:\/\/brestsurffilmfestival.com\/2021\/#primaryimage\"},\"thumbnailUrl\":\"https:\/\/brestsurffilmfestival.com\/2021\/wp-content\/uploads\/2020\/01\/jeanjulien-home.png\",\"datePublished\":\"2017-12-01T23:42:40+00:00\",\"dateModified\":\"2022-01-26T17:40:01+00:00\",\"breadcrumb\":{\"@id\":\"https:\/\/brestsurffilmfestival.com\/2021\/#breadcrumb\"},\"inLanguage\":\"fr-FR\",\"potentialAction\":[{\"@type\":\"ReadAction\",\"target\":[\"https:\/\/brestsurffilmfestival.com\/2021\/\"]}]},{\"@type\":\"ImageObject\",\"inLanguage\":\"fr-FR\",\"@id\":\"https:\/\/brestsurffilmfestival.com\/2021\/#primaryimage\",\"url\":\"https:\/\/brestsurffilmfestival.com\/2021\/wp-content\/uploads\/2020\/01\/jeanjulien-home.png\",\"contentUrl\":\"https:\/\/brestsurffilmfestival.com\/2021\/wp-content\/uploads\/2020\/01\/jeanjulien-home.png\",\"width\":1280,\"height\":770,\"caption\":\"\u00a9 Jean Jullien\"},{\"@type\":\"BreadcrumbList\",\"@id\":\"https:\/\/brestsurffilmfestival.com\/2021\/#breadcrumb\",\"itemListElement\":[{\"@type\":\"ListItem\",\"position\":1,\"name\":\"Accueil\",\"item\":\"https:\/\/brestsurffilmfestival.com\/2021\/\"},{\"@type\":\"ListItem\",\"position\":2,\"name\":\"Premier festival international du film de surf en Bretagne\"}]},{\"@type\":\"WebSite\",\"@id\":\"https:\/\/brestsurffilmfestival.com\/2021\/#website\",\"url\":\"https:\/\/brestsurffilmfestival.com\/2021\/\",\"name\":\"BREST SURF FILM FESTIVAL - Oc\u00e9anopolis du 29 septembre au 02 octobre 2021\",\"description\":\"Oc\u00e9anopolis du 29 septembre au 02 octobre 2021\",\"publisher\":{\"@id\":\"https:\/\/brestsurffilmfestival.com\/2021\/#organization\"},\"potentialAction\":[{\"@type\":\"SearchAction\",\"target\":{\"@type\":\"EntryPoint\",\"urlTemplate\":\"https:\/\/brestsurffilmfestival.com\/2021\/?s={search_term_string}\"},\"query-input\":\"required name=search_term_string\"}],\"inLanguage\":\"fr-FR\"},{\"@type\":\"Organization\",\"@id\":\"https:\/\/brestsurffilmfestival.com\/2021\/#organization\",\"name\":\"BREST SURF FILM FESTIVAL - Oc\u00e9anopolis du 29 septembre au 02 octobre 2021\",\"url\":\"https:\/\/brestsurffilmfestival.com\/2021\/\",\"logo\":{\"@type\":\"ImageObject\",\"inLanguage\":\"fr-FR\",\"@id\":\"https:\/\/brestsurffilmfestival.com\/2021\/#\/schema\/logo\/image\/\",\"url\":\"https:\/\/brestsurffilmfestival.com\/2021\/wp-content\/uploads\/2020\/01\/logo-bsff-ed4-2020.png\",\"contentUrl\":\"https:\/\/brestsurffilmfestival.com\/2021\/wp-content\/uploads\/2020\/01\/logo-bsff-ed4-2020.png\",\"width\":377,\"height\":133,\"caption\":\"BREST SURF FILM FESTIVAL - Oc\u00e9anopolis du 29 septembre au 02 octobre 2021\"},\"image\":{\"@id\":\"https:\/\/brestsurffilmfestival.com\/2021\/#\/schema\/logo\/image\/\"}}]}<\/script>\n<!-- \/ Yoast SEO plugin. -->","yoast_head_json":{"title":"Premier festival international du film de surf en Bretagne &#060; BREST SURF FILM FESTIVAL - Oc\u00e9anopolis du 29 septembre au 02 octobre 2021","robots":{"index":"index","follow":"follow","max-snippet":"max-snippet:-1","max-image-preview":"max-image-preview:large","max-video-preview":"max-video-preview:-1"},"canonical":"https:\/\/brestsurffilmfestival.com\/2021\/","og_locale":"fr_FR","og_type":"article","og_title":"Premier festival international du film de surf en Bretagne &#060; BREST SURF FILM FESTIVAL - Oc\u00e9anopolis du 29 septembre au 02 octobre 2021","og_description":"Message aux r\u00e9alisatrices et r\u00e9alisateurs : Nous vous remercions chaleureusement pour toutes les propositions de films que nous avons re\u00e7ues. \u00c9tant donn\u00e9 leur nombre, et \u00e9tant donn\u00e9 l&rsquo;ann\u00e9e que nous venons de traverser, il ne nous a pas \u00e9t\u00e9 possible d&rsquo;y r\u00e9pondre personnellement. N&rsquo;h\u00e9sitez pas &#8211; surtout","og_url":"https:\/\/brestsurffilmfestival.com\/2021\/","og_site_name":"BREST SURF FILM FESTIVAL - Oc\u00e9anopolis du 29 septembre au 02 octobre 2021","article_modified_time":"2022-01-26T17:40:01+00:00","og_image":[{"width":1280,"height":770,"url":"https:\/\/brestsurffilmfestival.com\/2021\/wp-content\/uploads\/2020\/01\/jeanjulien-home.png","type":"image\/png"}],"twitter_card":"summary_large_image","twitter_misc":{"Dur\u00e9e de lecture estim\u00e9e":"1 minute"},"schema":{"@context":"https:\/\/schema.org","@graph":[{"@type":"WebPage","@id":"https:\/\/brestsurffilmfestival.com\/2021\/","url":"https:\/\/brestsurffilmfestival.com\/2021\/","name":"Premier festival international du film de surf en Bretagne &#060; BREST SURF FILM FESTIVAL - Oc\u00e9anopolis du 29 septembre au 02 octobre 2021","isPartOf":{"@id":"https:\/\/brestsurffilmfestival.com\/2021\/#website"},"primaryImageOfPage":{"@id":"https:\/\/brestsurffilmfestival.com\/2021\/#primaryimage"},"image":{"@id":"https:\/\/brestsurffilmfestival.com\/2021\/#primaryimage"},"thumbnailUrl":"https:\/\/brestsurffilmfestival.com\/2021\/wp-content\/uploads\/2020\/01\/jeanjulien-home.png","datePublished":"2017-12-01T23:42:40+00:00","dateModified":"2022-01-26T17:40:01+00:00","breadcrumb":{"@id":"https:\/\/brestsurffilmfestival.com\/2021\/#breadcrumb"},"inLanguage":"fr-FR","potentialAction":[{"@type":"ReadAction","target":["https:\/\/brestsurffilmfestival.com\/2021\/"]}]},{"@type":"ImageObject","inLanguage":"fr-FR","@id":"https:\/\/brestsurffilmfestival.com\/2021\/#primaryimage","url":"https:\/\/brestsurffilmfestival.com\/2021\/wp-content\/uploads\/2020\/01\/jeanjulien-home.png","contentUrl":"https:\/\/brestsurffilmfestival.com\/2021\/wp-content\/uploads\/2020\/01\/jeanjulien-home.png","width":1280,"height":770,"caption":"\u00a9 Jean Jullien"},{"@type":"BreadcrumbList","@id":"https:\/\/brestsurffilmfestival.com\/2021\/#breadcrumb","itemListElement":[{"@type":"ListItem","position":1,"name":"Accueil","item":"https:\/\/brestsurffilmfestival.com\/2021\/"},{"@type":"ListItem","position":2,"name":"Premier festival international du film de surf en Bretagne"}]},{"@type":"WebSite","@id":"https:\/\/brestsurffilmfestival.com\/2021\/#website","url":"https:\/\/brestsurffilmfestival.com\/2021\/","name":"BREST SURF FILM FESTIVAL - Oc\u00e9anopolis du 29 septembre au 02 octobre 2021","description":"Oc\u00e9anopolis du 29 septembre au 02 octobre 2021","publisher":{"@id":"https:\/\/brestsurffilmfestival.com\/2021\/#organization"},"potentialAction":[{"@type":"SearchAction","target":{"@type":"EntryPoint","urlTemplate":"https:\/\/brestsurffilmfestival.com\/2021\/?s={search_term_string}"},"query-input":"required name=search_term_string"}],"inLanguage":"fr-FR"},{"@type":"Organization","@id":"https:\/\/brestsurffilmfestival.com\/2021\/#organization","name":"BREST SURF FILM FESTIVAL - Oc\u00e9anopolis du 29 septembre au 02 octobre 2021","url":"https:\/\/brestsurffilmfestival.com\/2021\/","logo":{"@type":"ImageObject","inLanguage":"fr-FR","@id":"https:\/\/brestsurffilmfestival.com\/2021\/#\/schema\/logo\/image\/","url":"https:\/\/brestsurffilmfestival.com\/2021\/wp-content\/uploads\/2020\/01\/logo-bsff-ed4-2020.png","contentUrl":"https:\/\/brestsurffilmfestival.com\/2021\/wp-content\/uploads\/2020\/01\/logo-bsff-ed4-2020.png","width":377,"height":133,"caption":"BREST SURF FILM FESTIVAL - Oc\u00e9anopolis du 29 septembre au 02 octobre 2021"},"image":{"@id":"https:\/\/brestsurffilmfestival.com\/2021\/#\/schema\/logo\/image\/"}}]}},"_links":{"self":[{"href":"https:\/\/brestsurffilmfestival.com\/2021\/wp-json\/wp\/v2\/pages\/868"}],"collection":[{"href":"https:\/\/brestsurffilmfestival.com\/2021\/wp-json\/wp\/v2\/pages"}],"about":[{"href":"https:\/\/brestsurffilmfestival.com\/2021\/wp-json\/wp\/v2\/types\/page"}],"author":[{"embeddable":true,"href":"https:\/\/brestsurffilmfestival.com\/2021\/wp-json\/wp\/v2\/users\/1"}],"replies":[{"embeddable":true,"href":"https:\/\/brestsurffilmfestival.com\/2021\/wp-json\/wp\/v2\/comments?post=868"}],"version-history":[{"count":7,"href":"https:\/\/brestsurffilmfestival.com\/2021\/wp-json\/wp\/v2\/pages\/868\/revisions"}],"predecessor-version":[{"id":2484,"href":"https:\/\/brestsurffilmfestival.com\/2021\/wp-json\/wp\/v2\/pages\/868\/revisions\/2484"}],"wp:featuredmedia":[{"embeddable":true,"href":"https:\/\/brestsurffilmfestival.com\/2021\/wp-json\/wp\/v2\/media\/2070"}],"wp:attachment":[{"href":"https:\/\/brestsurffilmfestival.com\/2021\/wp-json\/wp\/v2\/media?parent=868"}],"curies":[{"name":"wp","href":"https:\/\/api.w.org\/{rel}","templated":true}]}}