{"id":937,"date":"2018-04-02T14:07:56","date_gmt":"2018-04-02T12:07:56","guid":{"rendered":"https:\/\/brestsurffilmfestival.com\/2021\/?page_id=937"},"modified":"2022-01-12T21:13:03","modified_gmt":"2022-01-12T20:13:03","slug":"infos-pratiques","status":"publish","type":"page","link":"https:\/\/brestsurffilmfestival.com\/2021\/infos-pratiques\/","title":{"rendered":"Infos pratiques"},"content":{"rendered":"<h2>Venir au Brest Surf Film Festival<\/h2>\n<p><img loading=\"lazy\" decoding=\"async\" class=\"alignnone size-full wp-image-2355\" src=\"https:\/\/brestsurffilmfestival.com\/2021\/wp-content\/uploads\/2021\/09\/pass-sanitaire-2.jpg\" alt=\"\" width=\"800\" height=\"468\" srcset=\"https:\/\/brestsurffilmfestival.com\/2021\/wp-content\/uploads\/2021\/09\/pass-sanitaire-2.jpg 800w, https:\/\/brestsurffilmfestival.com\/2021\/wp-content\/uploads\/2021\/09\/pass-sanitaire-2-300x176.jpg 300w, https:\/\/brestsurffilmfestival.com\/2021\/wp-content\/uploads\/2021\/09\/pass-sanitaire-2-768x449.jpg 768w, https:\/\/brestsurffilmfestival.com\/2021\/wp-content\/uploads\/2021\/09\/pass-sanitaire-2-600x351.jpg 600w\" sizes=\"(max-width: 800px) 85vw, 800px\" \/><\/p>\n<p>\u00c0 la pointe de la Bretagne, le Brest Surf Film Festival, premier festival du film de surf en Bretagne, se d\u00e9roule \u00e0 Oc\u00e9anopolis \u00e0 Brest, \u00e0 l&rsquo;automne 2021. Oc\u00e9anopolis, centre de culture scientifique et technique de la mer, est le lieu parfait pour accueillir le Brest Surf Film Festival. Parc de d\u00e9couverte des oc\u00e9ans, Oc\u00e9anopolis propose au grand public une plong\u00e9e au c\u0153ur du milieu marin et de ses \u00e9cosyst\u00e8mes, un tour du monde des oc\u00e9ans. Oc\u00e9anopolis est proche de la marina du Moulin-Blanc, quartier du port dynamique o\u00f9 l&rsquo;on trouve commerces nautiques, caf\u00e9s et restaurants.<\/p>\n<h6><img loading=\"lazy\" decoding=\"async\" class=\"alignnone wp-image-189\" src=\"https:\/\/brestsurffilmfestival.com\/2021\/wp-content\/uploads\/2017\/03\/oceanopolis-4-1024x666.jpg\" alt=\"\" width=\"500\" height=\"325\" srcset=\"https:\/\/brestsurffilmfestival.com\/2021\/wp-content\/uploads\/2017\/03\/oceanopolis-4-1024x666.jpg 1024w, https:\/\/brestsurffilmfestival.com\/2021\/wp-content\/uploads\/2017\/03\/oceanopolis-4-300x195.jpg 300w, https:\/\/brestsurffilmfestival.com\/2021\/wp-content\/uploads\/2017\/03\/oceanopolis-4-768x500.jpg 768w, https:\/\/brestsurffilmfestival.com\/2021\/wp-content\/uploads\/2017\/03\/oceanopolis-4-600x391.jpg 600w, https:\/\/brestsurffilmfestival.com\/2021\/wp-content\/uploads\/2017\/03\/oceanopolis-4.jpg 1200w\" sizes=\"(max-width: 500px) 85vw, 500px\" \/><br \/>\n\u00a9 Oc\u00e9anopolis<\/h6>\n<p>&nbsp;<\/p>\n<p><a href=\"http:\/\/www.oceanopolis.com\/\" target=\"_blank\" rel=\"noopener noreferrer\"><img loading=\"lazy\" decoding=\"async\" class=\"alignnone wp-image-145 size-medium\" src=\"https:\/\/brestsurffilmfestival.com\/2021\/wp-content\/uploads\/2017\/04\/oceanopolis-300x78.png\" alt=\"oceanopolis\" width=\"300\" height=\"78\" srcset=\"https:\/\/brestsurffilmfestival.com\/2021\/wp-content\/uploads\/2017\/04\/oceanopolis-300x78.png 300w, https:\/\/brestsurffilmfestival.com\/2021\/wp-content\/uploads\/2017\/04\/oceanopolis.png 579w\" sizes=\"(max-width: 300px) 85vw, 300px\" \/><\/a><\/p>\n<p>Le parc de d\u00e9couverte des oc\u00e9ans<br \/>\nPort de plaisance du moulin Blanc<br \/>\nBP 91039 &#8211; 29210 Brest cedex 1<\/p>\n<p><iframe loading=\"lazy\" style=\"border: 0;\" src=\"https:\/\/www.google.com\/maps\/embed?pb=!1m18!1m12!1m3!1d11923.750086610786!2d-4.435609449424593!3d48.38771486787313!2m3!1f0!2f0!3f0!3m2!1i1024!2i768!4f13.1!3m3!1m2!1s0x4816b98b07b7a3bb%3A0x5fef7336065da466!2sOc%C3%A9anopolis!5e0!3m2!1sfr!2sfr!4v1491898908735\" width=\"600\" height=\"300\" frameborder=\"0\" allowfullscreen=\"allowfullscreen\"><\/iframe><\/p>\n<h2>Billetterie<\/h2>\n<p>Acc\u00e9dez \u00e0 la billetterie en suivant ce <a href=\"https:\/\/billetterie.oceanopolis.com\/bin\/index.php?IR=QmlsbGV0dGVyaWVXZWIyMDE4Xzc0\" target=\"_blank\" rel=\"noopener\">lien<\/a><\/p>\n<h2>Restauration<\/h2>\n<p>Food Truck O p&rsquo;tits oignons<br \/>\n<a href=\"https:\/\/www.xn--ptitsoignons-3ib.fr\/\">https:\/\/www.xn--ptitsoignons-3ib.fr\/<\/a><\/p>\n<h2>Musique<\/h2>\n<p>Les Platinistes<br \/>\n<a href=\"https:\/\/www.facebook.com\/platinistes\">https:\/\/www.facebook.com\/platinistes<\/a><\/p>\n","protected":false},"excerpt":{"rendered":"<p>Venir au Brest Surf Film Festival <\/p>\n<p>\u00c0 la pointe de la Bretagne, le Brest Surf Film Festival, premier festival du film de surf en Bretagne, se d\u00e9roule \u00e0 Oc\u00e9anopolis \u00e0 Brest, \u00e0 l&rsquo;automne 2021. Oc\u00e9anopolis, centre de culture scientifique et technique de la mer, est le lieu parfait pour<\/p>\n<div class=\"clear\"><\/div>\n","protected":false},"author":1,"featured_media":0,"parent":0,"menu_order":6,"comment_status":"closed","ping_status":"closed","template":"","meta":{"_acf_changed":false,"footnotes":""},"acf":[],"yoast_head":"<!-- This site is optimized with the Yoast SEO plugin v22.2 - https:\/\/yoast.com\/wordpress\/plugins\/seo\/ -->\n<title>Infos pratiques &#060; BREST SURF FILM FESTIVAL - Oc\u00e9anopolis du 29 septembre au 02 octobre 2021<\/title>\n<meta name=\"robots\" content=\"index, follow, max-snippet:-1, max-image-preview:large, max-video-preview:-1\" \/>\n<link rel=\"canonical\" href=\"https:\/\/brestsurffilmfestival.com\/2021\/infos-pratiques\/\" \/>\n<meta property=\"og:locale\" content=\"fr_FR\" \/>\n<meta property=\"og:type\" content=\"article\" \/>\n<meta property=\"og:title\" content=\"Infos pratiques &#060; BREST SURF FILM FESTIVAL - Oc\u00e9anopolis du 29 septembre au 02 octobre 2021\" \/>\n<meta property=\"og:description\" content=\"Venir au Brest Surf Film Festival \u00c0 la pointe de la Bretagne, le Brest Surf Film Festival, premier festival du film de surf en Bretagne, se d\u00e9roule \u00e0 Oc\u00e9anopolis \u00e0 Brest, \u00e0 l&rsquo;automne 2021. Oc\u00e9anopolis, centre de culture scientifique et technique de la mer, est le lieu parfait pour\" \/>\n<meta property=\"og:url\" content=\"https:\/\/brestsurffilmfestival.com\/2021\/infos-pratiques\/\" \/>\n<meta property=\"og:site_name\" content=\"BREST SURF FILM FESTIVAL - Oc\u00e9anopolis du 29 septembre au 02 octobre 2021\" \/>\n<meta property=\"article:modified_time\" content=\"2022-01-12T20:13:03+00:00\" \/>\n<meta property=\"og:image\" content=\"https:\/\/brestsurffilmfestival.com\/2021\/wp-content\/uploads\/2021\/09\/pass-sanitaire-2.jpg\" \/>\n<meta name=\"twitter:card\" content=\"summary_large_image\" \/>\n<meta name=\"twitter:label1\" content=\"Dur\u00e9e de lecture estim\u00e9e\" \/>\n\t<meta name=\"twitter:data1\" content=\"2 minutes\" \/>\n<script type=\"application\/ld+json\" class=\"yoast-schema-graph\">{\"@context\":\"https:\/\/schema.org\",\"@graph\":[{\"@type\":\"WebPage\",\"@id\":\"https:\/\/brestsurffilmfestival.com\/2021\/infos-pratiques\/\",\"url\":\"https:\/\/brestsurffilmfestival.com\/2021\/infos-pratiques\/\",\"name\":\"Infos pratiques &#060; BREST SURF FILM FESTIVAL - Oc\u00e9anopolis du 29 septembre au 02 octobre 2021\",\"isPartOf\":{\"@id\":\"https:\/\/brestsurffilmfestival.com\/2021\/#website\"},\"primaryImageOfPage\":{\"@id\":\"https:\/\/brestsurffilmfestival.com\/2021\/infos-pratiques\/#primaryimage\"},\"image\":{\"@id\":\"https:\/\/brestsurffilmfestival.com\/2021\/infos-pratiques\/#primaryimage\"},\"thumbnailUrl\":\"https:\/\/brestsurffilmfestival.com\/2021\/wp-content\/uploads\/2021\/09\/pass-sanitaire-2.jpg\",\"datePublished\":\"2018-04-02T12:07:56+00:00\",\"dateModified\":\"2022-01-12T20:13:03+00:00\",\"breadcrumb\":{\"@id\":\"https:\/\/brestsurffilmfestival.com\/2021\/infos-pratiques\/#breadcrumb\"},\"inLanguage\":\"fr-FR\",\"potentialAction\":[{\"@type\":\"ReadAction\",\"target\":[\"https:\/\/brestsurffilmfestival.com\/2021\/infos-pratiques\/\"]}]},{\"@type\":\"ImageObject\",\"inLanguage\":\"fr-FR\",\"@id\":\"https:\/\/brestsurffilmfestival.com\/2021\/infos-pratiques\/#primaryimage\",\"url\":\"https:\/\/brestsurffilmfestival.com\/2021\/wp-content\/uploads\/2021\/09\/pass-sanitaire-2.jpg\",\"contentUrl\":\"https:\/\/brestsurffilmfestival.com\/2021\/wp-content\/uploads\/2021\/09\/pass-sanitaire-2.jpg\",\"width\":800,\"height\":468},{\"@type\":\"BreadcrumbList\",\"@id\":\"https:\/\/brestsurffilmfestival.com\/2021\/infos-pratiques\/#breadcrumb\",\"itemListElement\":[{\"@type\":\"ListItem\",\"position\":1,\"name\":\"Accueil\",\"item\":\"https:\/\/brestsurffilmfestival.com\/2021\/\"},{\"@type\":\"ListItem\",\"position\":2,\"name\":\"Infos pratiques\"}]},{\"@type\":\"WebSite\",\"@id\":\"https:\/\/brestsurffilmfestival.com\/2021\/#website\",\"url\":\"https:\/\/brestsurffilmfestival.com\/2021\/\",\"name\":\"BREST SURF FILM FESTIVAL - Oc\u00e9anopolis du 29 septembre au 02 octobre 2021\",\"description\":\"Oc\u00e9anopolis du 29 septembre au 02 octobre 2021\",\"publisher\":{\"@id\":\"https:\/\/brestsurffilmfestival.com\/2021\/#organization\"},\"potentialAction\":[{\"@type\":\"SearchAction\",\"target\":{\"@type\":\"EntryPoint\",\"urlTemplate\":\"https:\/\/brestsurffilmfestival.com\/2021\/?s={search_term_string}\"},\"query-input\":\"required name=search_term_string\"}],\"inLanguage\":\"fr-FR\"},{\"@type\":\"Organization\",\"@id\":\"https:\/\/brestsurffilmfestival.com\/2021\/#organization\",\"name\":\"BREST SURF FILM FESTIVAL - Oc\u00e9anopolis du 29 septembre au 02 octobre 2021\",\"url\":\"https:\/\/brestsurffilmfestival.com\/2021\/\",\"logo\":{\"@type\":\"ImageObject\",\"inLanguage\":\"fr-FR\",\"@id\":\"https:\/\/brestsurffilmfestival.com\/2021\/#\/schema\/logo\/image\/\",\"url\":\"https:\/\/brestsurffilmfestival.com\/2021\/wp-content\/uploads\/2020\/01\/logo-bsff-ed4-2020.png\",\"contentUrl\":\"https:\/\/brestsurffilmfestival.com\/2021\/wp-content\/uploads\/2020\/01\/logo-bsff-ed4-2020.png\",\"width\":377,\"height\":133,\"caption\":\"BREST SURF FILM FESTIVAL - Oc\u00e9anopolis du 29 septembre au 02 octobre 2021\"},\"image\":{\"@id\":\"https:\/\/brestsurffilmfestival.com\/2021\/#\/schema\/logo\/image\/\"}}]}<\/script>\n<!-- \/ Yoast SEO plugin. -->","yoast_head_json":{"title":"Infos pratiques &#060; BREST SURF FILM FESTIVAL - Oc\u00e9anopolis du 29 septembre au 02 octobre 2021","robots":{"index":"index","follow":"follow","max-snippet":"max-snippet:-1","max-image-preview":"max-image-preview:large","max-video-preview":"max-video-preview:-1"},"canonical":"https:\/\/brestsurffilmfestival.com\/2021\/infos-pratiques\/","og_locale":"fr_FR","og_type":"article","og_title":"Infos pratiques &#060; BREST SURF FILM FESTIVAL - Oc\u00e9anopolis du 29 septembre au 02 octobre 2021","og_description":"Venir au Brest Surf Film Festival \u00c0 la pointe de la Bretagne, le Brest Surf Film Festival, premier festival du film de surf en Bretagne, se d\u00e9roule \u00e0 Oc\u00e9anopolis \u00e0 Brest, \u00e0 l&rsquo;automne 2021. Oc\u00e9anopolis, centre de culture scientifique et technique de la mer, est le lieu parfait pour","og_url":"https:\/\/brestsurffilmfestival.com\/2021\/infos-pratiques\/","og_site_name":"BREST SURF FILM FESTIVAL - Oc\u00e9anopolis du 29 septembre au 02 octobre 2021","article_modified_time":"2022-01-12T20:13:03+00:00","og_image":[{"url":"https:\/\/brestsurffilmfestival.com\/2021\/wp-content\/uploads\/2021\/09\/pass-sanitaire-2.jpg"}],"twitter_card":"summary_large_image","twitter_misc":{"Dur\u00e9e de lecture estim\u00e9e":"2 minutes"},"schema":{"@context":"https:\/\/schema.org","@graph":[{"@type":"WebPage","@id":"https:\/\/brestsurffilmfestival.com\/2021\/infos-pratiques\/","url":"https:\/\/brestsurffilmfestival.com\/2021\/infos-pratiques\/","name":"Infos pratiques &#060; BREST SURF FILM FESTIVAL - Oc\u00e9anopolis du 29 septembre au 02 octobre 2021","isPartOf":{"@id":"https:\/\/brestsurffilmfestival.com\/2021\/#website"},"primaryImageOfPage":{"@id":"https:\/\/brestsurffilmfestival.com\/2021\/infos-pratiques\/#primaryimage"},"image":{"@id":"https:\/\/brestsurffilmfestival.com\/2021\/infos-pratiques\/#primaryimage"},"thumbnailUrl":"https:\/\/brestsurffilmfestival.com\/2021\/wp-content\/uploads\/2021\/09\/pass-sanitaire-2.jpg","datePublished":"2018-04-02T12:07:56+00:00","dateModified":"2022-01-12T20:13:03+00:00","breadcrumb":{"@id":"https:\/\/brestsurffilmfestival.com\/2021\/infos-pratiques\/#breadcrumb"},"inLanguage":"fr-FR","potentialAction":[{"@type":"ReadAction","target":["https:\/\/brestsurffilmfestival.com\/2021\/infos-pratiques\/"]}]},{"@type":"ImageObject","inLanguage":"fr-FR","@id":"https:\/\/brestsurffilmfestival.com\/2021\/infos-pratiques\/#primaryimage","url":"https:\/\/brestsurffilmfestival.com\/2021\/wp-content\/uploads\/2021\/09\/pass-sanitaire-2.jpg","contentUrl":"https:\/\/brestsurffilmfestival.com\/2021\/wp-content\/uploads\/2021\/09\/pass-sanitaire-2.jpg","width":800,"height":468},{"@type":"BreadcrumbList","@id":"https:\/\/brestsurffilmfestival.com\/2021\/infos-pratiques\/#breadcrumb","itemListElement":[{"@type":"ListItem","position":1,"name":"Accueil","item":"https:\/\/brestsurffilmfestival.com\/2021\/"},{"@type":"ListItem","position":2,"name":"Infos pratiques"}]},{"@type":"WebSite","@id":"https:\/\/brestsurffilmfestival.com\/2021\/#website","url":"https:\/\/brestsurffilmfestival.com\/2021\/","name":"BREST SURF FILM FESTIVAL - Oc\u00e9anopolis du 29 septembre au 02 octobre 2021","description":"Oc\u00e9anopolis du 29 septembre au 02 octobre 2021","publisher":{"@id":"https:\/\/brestsurffilmfestival.com\/2021\/#organization"},"potentialAction":[{"@type":"SearchAction","target":{"@type":"EntryPoint","urlTemplate":"https:\/\/brestsurffilmfestival.com\/2021\/?s={search_term_string}"},"query-input":"required name=search_term_string"}],"inLanguage":"fr-FR"},{"@type":"Organization","@id":"https:\/\/brestsurffilmfestival.com\/2021\/#organization","name":"BREST SURF FILM FESTIVAL - Oc\u00e9anopolis du 29 septembre au 02 octobre 2021","url":"https:\/\/brestsurffilmfestival.com\/2021\/","logo":{"@type":"ImageObject","inLanguage":"fr-FR","@id":"https:\/\/brestsurffilmfestival.com\/2021\/#\/schema\/logo\/image\/","url":"https:\/\/brestsurffilmfestival.com\/2021\/wp-content\/uploads\/2020\/01\/logo-bsff-ed4-2020.png","contentUrl":"https:\/\/brestsurffilmfestival.com\/2021\/wp-content\/uploads\/2020\/01\/logo-bsff-ed4-2020.png","width":377,"height":133,"caption":"BREST SURF FILM FESTIVAL - Oc\u00e9anopolis du 29 septembre au 02 octobre 2021"},"image":{"@id":"https:\/\/brestsurffilmfestival.com\/2021\/#\/schema\/logo\/image\/"}}]}},"_links":{"self":[{"href":"https:\/\/brestsurffilmfestival.com\/2021\/wp-json\/wp\/v2\/pages\/937"}],"collection":[{"href":"https:\/\/brestsurffilmfestival.com\/2021\/wp-json\/wp\/v2\/pages"}],"about":[{"href":"https:\/\/brestsurffilmfestival.com\/2021\/wp-json\/wp\/v2\/types\/page"}],"author":[{"embeddable":true,"href":"https:\/\/brestsurffilmfestival.com\/2021\/wp-json\/wp\/v2\/users\/1"}],"replies":[{"embeddable":true,"href":"https:\/\/brestsurffilmfestival.com\/2021\/wp-json\/wp\/v2\/comments?post=937"}],"version-history":[{"count":3,"href":"https:\/\/brestsurffilmfestival.com\/2021\/wp-json\/wp\/v2\/pages\/937\/revisions"}],"predecessor-version":[{"id":2472,"href":"https:\/\/brestsurffilmfestival.com\/2021\/wp-json\/wp\/v2\/pages\/937\/revisions\/2472"}],"wp:attachment":[{"href":"https:\/\/brestsurffilmfestival.com\/2021\/wp-json\/wp\/v2\/media?parent=937"}],"curies":[{"name":"wp","href":"https:\/\/api.w.org\/{rel}","templated":true}]}}